{"id":1006,"date":"2022-01-10T07:25:15","date_gmt":"2022-01-10T07:25:15","guid":{"rendered":"http:\/\/seico-heizungen.com\/?page_id=1006"},"modified":"2025-08-22T07:42:49","modified_gmt":"2025-08-22T07:42:49","slug":"calendering","status":"publish","type":"page","link":"https:\/\/seico.eu\/de\/solutions\/calendering\/","title":{"rendered":"Kalandern"},"content":{"rendered":"<p><img decoding=\"async\" class=\"alignright\" style=\"float: right; width: 300px; height: auto; margin-left: 25px;\" src=\"http:\/\/seico-heizungen.com\/wp-content\/uploads\/2022\/01\/img-application-gallery-calendering.jpg\" alt=\"\" \/><\/p>\n<p style=\"text-align: left;\">Beim Kalandrieren werden Materialbahnen, einschlie\u00dflich Papier, Kunststoff oder Textilien, durch eine Reihe von harten Druckwalzen gef\u00fchrt und oft von einer Erw\u00e4rmung begleitet, um Beschichtungen aufzutragen und verschiedene Arten von Kunststofffolien zu bilden.<\/p>\n<p style=\"text-align: left;\">In den meisten F\u00e4llen muss diese Erw\u00e4rmung auf einer konstanten und genauen Temperatur gehalten werden, um sicherzustellen, dass sich keine unebenen Oberfl\u00e4chen oder Blasen im fertigen Material bilden.<\/p>\n<p style=\"text-align: left;\">SEICO entwickelt eine breite Palette von Pr\u00e4zisionsheizger\u00e4ten, die sich nahtlos in Ihr Kalandriersystem integrieren lassen und mit eingebauten Temperatursensoren gekoppelt sind, um Ihnen zu helfen, Ihr gew\u00fcnschtes Ergebnis \u2013 ein glattes Finish \u2013 jedes Mal zu erzielen.<\/p>","protected":false},"excerpt":{"rendered":"<p>The calendering process involves passing sheets of material, including paper, plastics, or textiles, through a series of hard pressure rollers, [&hellip;]<\/p>\n","protected":false},"author":5,"featured_media":0,"parent":38,"menu_order":0,"comment_status":"closed","ping_status":"closed","template":"","meta":{"site-sidebar-layout":"default","site-content-layout":"","ast-site-content-layout":"default","site-content-style":"default","site-sidebar-style":"default","ast-global-header-display":"","ast-banner-title-visibility":"","ast-main-header-display":"","ast-hfb-above-header-display":"","ast-hfb-below-header-display":"","ast-hfb-mobile-header-display":"","site-post-title":"","ast-breadcrumbs-content":"","ast-featured-img":"","footer-sml-layout":"","ast-disable-related-posts":"","theme-transparent-header-meta":"default","adv-header-id-meta":"","stick-header-meta":"default","header-above-stick-meta":"","header-main-stick-meta":"","header-below-stick-meta":"","astra-migrate-meta-layouts":"set","ast-page-background-enabled":"default","ast-page-background-meta":{"desktop":{"background-color":"var(--ast-global-color-4)","background-image":"","background-repeat":"repeat","background-position":"center center","background-size":"auto","background-attachment":"scroll","background-type":"","background-media":"","overlay-type":"","overlay-color":"","overlay-opacity":"","overlay-gradient":""},"tablet":{"background-color":"","background-image":"","background-repeat":"repeat","background-position":"center center","background-size":"auto","background-attachment":"scroll","background-type":"","background-media":"","overlay-type":"","overlay-color":"","overlay-opacity":"","overlay-gradient":""},"mobile":{"background-color":"","background-image":"","background-repeat":"repeat","background-position":"center center","background-size":"auto","background-attachment":"scroll","background-type":"","background-media":"","overlay-type":"","overlay-color":"","overlay-opacity":"","overlay-gradient":""}},"ast-content-background-meta":{"desktop":{"background-color":"var(--ast-global-color-5)","background-image":"","background-repeat":"repeat","background-position":"center center","background-size":"auto","background-attachment":"scroll","background-type":"","background-media":"","overlay-type":"","overlay-color":"","overlay-opacity":"","overlay-gradient":""},"tablet":{"background-color":"var(--ast-global-color-5)","background-image":"","background-repeat":"repeat","background-position":"center center","background-size":"auto","background-attachment":"scroll","background-type":"","background-media":"","overlay-type":"","overlay-color":"","overlay-opacity":"","overlay-gradient":""},"mobile":{"background-color":"var(--ast-global-color-5)","background-image":"","background-repeat":"repeat","background-position":"center center","background-size":"auto","background-attachment":"scroll","background-type":"","background-media":"","overlay-type":"","overlay-color":"","overlay-opacity":"","overlay-gradient":""}},"footnotes":"","_links_to":"","_links_to_target":""},"class_list":["post-1006","page","type-page","status-publish","hentry"],"_links":{"self":[{"href":"https:\/\/seico.eu\/de\/wp-json\/wp\/v2\/pages\/1006","targetHints":{"allow":["GET"]}}],"collection":[{"href":"https:\/\/seico.eu\/de\/wp-json\/wp\/v2\/pages"}],"about":[{"href":"https:\/\/seico.eu\/de\/wp-json\/wp\/v2\/types\/page"}],"author":[{"embeddable":true,"href":"https:\/\/seico.eu\/de\/wp-json\/wp\/v2\/users\/5"}],"replies":[{"embeddable":true,"href":"https:\/\/seico.eu\/de\/wp-json\/wp\/v2\/comments?post=1006"}],"version-history":[{"count":3,"href":"https:\/\/seico.eu\/de\/wp-json\/wp\/v2\/pages\/1006\/revisions"}],"predecessor-version":[{"id":2127,"href":"https:\/\/seico.eu\/de\/wp-json\/wp\/v2\/pages\/1006\/revisions\/2127"}],"up":[{"embeddable":true,"href":"https:\/\/seico.eu\/de\/wp-json\/wp\/v2\/pages\/38"}],"wp:attachment":[{"href":"https:\/\/seico.eu\/de\/wp-json\/wp\/v2\/media?parent=1006"}],"curies":[{"name":"wp","href":"https:\/\/api.w.org\/{rel}","templated":true}]}}