{"id":1008,"date":"2022-01-10T07:26:11","date_gmt":"2022-01-10T07:26:11","guid":{"rendered":"http:\/\/seico-heizungen.com\/?page_id=1008"},"modified":"2025-08-22T07:44:43","modified_gmt":"2025-08-22T07:44:43","slug":"brake-resistors-for-electric-vehicles","status":"publish","type":"page","link":"https:\/\/seico.eu\/de\/solutions\/brake-resistors-for-electric-vehicles\/","title":{"rendered":"Bremswiderst\u00e4nde f\u00fcr Elektrofahrzeuge"},"content":{"rendered":"<p><img decoding=\"async\" class=\"alignright\" style=\"float: right; width: 300px; height: auto; margin-left: 25px;\" src=\"http:\/\/seico-heizungen.com\/wp-content\/uploads\/2022\/01\/img-application-gallery-brakeresistors.jpg\" alt=\"\" \/><\/p>\n<p style=\"text-align: left;\">Um Sch\u00e4den an Fahrzeugmotoren zu vermeiden, wandeln Bremswiderst\u00e4nde \u00fcbersch\u00fcssige Bremsenergie wieder in W\u00e4rmeenergie um, die dann \u00fcber ein K\u00fchlmedium sicher abgef\u00fchrt wird.<\/p>\n<p style=\"text-align: left;\">Die Fertigungsqualit\u00e4t von Bremswiderst\u00e4nden ist entscheidend. Wenn beispielsweise der Widerstand nicht sorgf\u00e4ltig ausgelegt ist, um die richtige Leitungslast zu absorbieren, k\u00f6nnen \u00fcberm\u00e4\u00dfige Energiespitzen zum Ausfall des Bremssystems f\u00fchren.<\/p>\n<p style=\"text-align: left;\">SEICO verwendet hochwertige Komponenten, um sicherzustellen, dass unsere Bremswiderstandsprodukte vollst\u00e4ndig auf Sicherheit und Langlebigkeit ausgelegt sind. Unsere langj\u00e4hrige Erfahrung in der Entwicklung fl\u00fcssigkeitsgek\u00fchlter Bremswiderst\u00e4nde f\u00fcr Hybrid- und Vollzellenfahrzeuge hat es uns auch erm\u00f6glicht, hocheffiziente Bremswiderst\u00e4nde zu entwickeln, die die W\u00e4rmeenergie nicht nur sicher aus dem Bremsprozess abf\u00fchren, sondern diese sogar wieder in Dauerenergie umwandeln k\u00f6nnen Leistung, die auf verschiedene Weise wiederverwendet werden kann (z. B. f\u00fcr eine st\u00e4rkere Beschleunigung in Hybridbussen usw.).<\/p>","protected":false},"excerpt":{"rendered":"<p>In order to help prevent damage to vehicle motors, brake resistors convert excess braking energy back into thermal energy, which [&hellip;]<\/p>\n","protected":false},"author":5,"featured_media":0,"parent":38,"menu_order":1,"comment_status":"closed","ping_status":"closed","template":"","meta":{"site-sidebar-layout":"default","site-content-layout":"","ast-site-content-layout":"default","site-content-style":"default","site-sidebar-style":"default","ast-global-header-display":"","ast-banner-title-visibility":"","ast-main-header-display":"","ast-hfb-above-header-display":"","ast-hfb-below-header-display":"","ast-hfb-mobile-header-display":"","site-post-title":"","ast-breadcrumbs-content":"","ast-featured-img":"","footer-sml-layout":"","ast-disable-related-posts":"","theme-transparent-header-meta":"default","adv-header-id-meta":"","stick-header-meta":"default","header-above-stick-meta":"","header-main-stick-meta":"","header-below-stick-meta":"","astra-migrate-meta-layouts":"set","ast-page-background-enabled":"default","ast-page-background-meta":{"desktop":{"background-color":"var(--ast-global-color-4)","background-image":"","background-repeat":"repeat","background-position":"center center","background-size":"auto","background-attachment":"scroll","background-type":"","background-media":"","overlay-type":"","overlay-color":"","overlay-opacity":"","overlay-gradient":""},"tablet":{"background-color":"","background-image":"","background-repeat":"repeat","background-position":"center center","background-size":"auto","background-attachment":"scroll","background-type":"","background-media":"","overlay-type":"","overlay-color":"","overlay-opacity":"","overlay-gradient":""},"mobile":{"background-color":"","background-image":"","background-repeat":"repeat","background-position":"center center","background-size":"auto","background-attachment":"scroll","background-type":"","background-media":"","overlay-type":"","overlay-color":"","overlay-opacity":"","overlay-gradient":""}},"ast-content-background-meta":{"desktop":{"background-color":"var(--ast-global-color-5)","background-image":"","background-repeat":"repeat","background-position":"center center","background-size":"auto","background-attachment":"scroll","background-type":"","background-media":"","overlay-type":"","overlay-color":"","overlay-opacity":"","overlay-gradient":""},"tablet":{"background-color":"var(--ast-global-color-5)","background-image":"","background-repeat":"repeat","background-position":"center center","background-size":"auto","background-attachment":"scroll","background-type":"","background-media":"","overlay-type":"","overlay-color":"","overlay-opacity":"","overlay-gradient":""},"mobile":{"background-color":"var(--ast-global-color-5)","background-image":"","background-repeat":"repeat","background-position":"center center","background-size":"auto","background-attachment":"scroll","background-type":"","background-media":"","overlay-type":"","overlay-color":"","overlay-opacity":"","overlay-gradient":""}},"footnotes":"","_links_to":"","_links_to_target":""},"class_list":["post-1008","page","type-page","status-publish","hentry"],"_links":{"self":[{"href":"https:\/\/seico.eu\/de\/wp-json\/wp\/v2\/pages\/1008","targetHints":{"allow":["GET"]}}],"collection":[{"href":"https:\/\/seico.eu\/de\/wp-json\/wp\/v2\/pages"}],"about":[{"href":"https:\/\/seico.eu\/de\/wp-json\/wp\/v2\/types\/page"}],"author":[{"embeddable":true,"href":"https:\/\/seico.eu\/de\/wp-json\/wp\/v2\/users\/5"}],"replies":[{"embeddable":true,"href":"https:\/\/seico.eu\/de\/wp-json\/wp\/v2\/comments?post=1008"}],"version-history":[{"count":3,"href":"https:\/\/seico.eu\/de\/wp-json\/wp\/v2\/pages\/1008\/revisions"}],"predecessor-version":[{"id":2131,"href":"https:\/\/seico.eu\/de\/wp-json\/wp\/v2\/pages\/1008\/revisions\/2131"}],"up":[{"embeddable":true,"href":"https:\/\/seico.eu\/de\/wp-json\/wp\/v2\/pages\/38"}],"wp:attachment":[{"href":"https:\/\/seico.eu\/de\/wp-json\/wp\/v2\/media?parent=1008"}],"curies":[{"name":"wp","href":"https:\/\/api.w.org\/{rel}","templated":true}]}}