{"id":1010,"date":"2022-01-10T07:26:45","date_gmt":"2022-01-10T07:26:45","guid":{"rendered":"http:\/\/seico-heizungen.com\/?page_id=1010"},"modified":"2025-08-22T07:45:09","modified_gmt":"2025-08-22T07:45:09","slug":"space-heating-for-buses-trams-trains","status":"publish","type":"page","link":"https:\/\/seico.eu\/de\/solutions\/space-heating-for-buses-trams-trains\/","title":{"rendered":"Raumheizung f\u00fcr Busse\/Stra\u00dfenbahnen\/Bahnen"},"content":{"rendered":"<p><img decoding=\"async\" class=\"alignright\" style=\"float: right; width: 150px; height: auto; margin-left: 25px;\" src=\"http:\/\/seico-heizungen.com\/wp-content\/uploads\/2022\/01\/img-application-gallery-spaceheating.jpg\" alt=\"\" \/><\/p>\n<p style=\"text-align: left;\">SEICO entwickelt eine breite Palette von Raum- und Luftheizungen, die in Fahrzeuge eingebaut werden k\u00f6nnen, um Umgebungs- und Komfortheizung bereitzustellen.<\/p>\n<p style=\"text-align: left;\">Unsere Produkte k\u00f6nnen individuell nach Ihren Anforderungen angepasst und mit unterschiedlichen Abmessungen und Gewichten passend f\u00fcr Ihre Anwendung (z. B. im Fahrerhaus, Fahrgastraum oder auf dem Fahrzeugdach) ausgef\u00fchrt werden.<\/p>","protected":false},"excerpt":{"rendered":"<p>SEICO engineers a wide range of space and air heaters that can be installed in vehicles to provide ambient and [&hellip;]<\/p>\n","protected":false},"author":5,"featured_media":0,"parent":38,"menu_order":2,"comment_status":"closed","ping_status":"closed","template":"","meta":{"site-sidebar-layout":"default","site-content-layout":"","ast-site-content-layout":"default","site-content-style":"default","site-sidebar-style":"default","ast-global-header-display":"","ast-banner-title-visibility":"","ast-main-header-display":"","ast-hfb-above-header-display":"","ast-hfb-below-header-display":"","ast-hfb-mobile-header-display":"","site-post-title":"","ast-breadcrumbs-content":"","ast-featured-img":"","footer-sml-layout":"","ast-disable-related-posts":"","theme-transparent-header-meta":"default","adv-header-id-meta":"","stick-header-meta":"default","header-above-stick-meta":"","header-main-stick-meta":"","header-below-stick-meta":"","astra-migrate-meta-layouts":"set","ast-page-background-enabled":"default","ast-page-background-meta":{"desktop":{"background-color":"var(--ast-global-color-4)","background-image":"","background-repeat":"repeat","background-position":"center center","background-size":"auto","background-attachment":"scroll","background-type":"","background-media":"","overlay-type":"","overlay-color":"","overlay-opacity":"","overlay-gradient":""},"tablet":{"background-color":"","background-image":"","background-repeat":"repeat","background-position":"center center","background-size":"auto","background-attachment":"scroll","background-type":"","background-media":"","overlay-type":"","overlay-color":"","overlay-opacity":"","overlay-gradient":""},"mobile":{"background-color":"","background-image":"","background-repeat":"repeat","background-position":"center center","background-size":"auto","background-attachment":"scroll","background-type":"","background-media":"","overlay-type":"","overlay-color":"","overlay-opacity":"","overlay-gradient":""}},"ast-content-background-meta":{"desktop":{"background-color":"var(--ast-global-color-5)","background-image":"","background-repeat":"repeat","background-position":"center center","background-size":"auto","background-attachment":"scroll","background-type":"","background-media":"","overlay-type":"","overlay-color":"","overlay-opacity":"","overlay-gradient":""},"tablet":{"background-color":"var(--ast-global-color-5)","background-image":"","background-repeat":"repeat","background-position":"center center","background-size":"auto","background-attachment":"scroll","background-type":"","background-media":"","overlay-type":"","overlay-color":"","overlay-opacity":"","overlay-gradient":""},"mobile":{"background-color":"var(--ast-global-color-5)","background-image":"","background-repeat":"repeat","background-position":"center center","background-size":"auto","background-attachment":"scroll","background-type":"","background-media":"","overlay-type":"","overlay-color":"","overlay-opacity":"","overlay-gradient":""}},"footnotes":"","_links_to":"","_links_to_target":""},"class_list":["post-1010","page","type-page","status-publish","hentry"],"_links":{"self":[{"href":"https:\/\/seico.eu\/de\/wp-json\/wp\/v2\/pages\/1010","targetHints":{"allow":["GET"]}}],"collection":[{"href":"https:\/\/seico.eu\/de\/wp-json\/wp\/v2\/pages"}],"about":[{"href":"https:\/\/seico.eu\/de\/wp-json\/wp\/v2\/types\/page"}],"author":[{"embeddable":true,"href":"https:\/\/seico.eu\/de\/wp-json\/wp\/v2\/users\/5"}],"replies":[{"embeddable":true,"href":"https:\/\/seico.eu\/de\/wp-json\/wp\/v2\/comments?post=1010"}],"version-history":[{"count":4,"href":"https:\/\/seico.eu\/de\/wp-json\/wp\/v2\/pages\/1010\/revisions"}],"predecessor-version":[{"id":2132,"href":"https:\/\/seico.eu\/de\/wp-json\/wp\/v2\/pages\/1010\/revisions\/2132"}],"up":[{"embeddable":true,"href":"https:\/\/seico.eu\/de\/wp-json\/wp\/v2\/pages\/38"}],"wp:attachment":[{"href":"https:\/\/seico.eu\/de\/wp-json\/wp\/v2\/media?parent=1010"}],"curies":[{"name":"wp","href":"https:\/\/api.w.org\/{rel}","templated":true}]}}