{"id":125,"date":"2020-10-28T06:32:23","date_gmt":"2020-10-28T06:32:23","guid":{"rendered":"http:\/\/seico-heizungen.com\/?page_id=125"},"modified":"2024-10-16T08:42:48","modified_gmt":"2024-10-16T08:42:48","slug":"about-seico","status":"publish","type":"page","link":"https:\/\/seico.eu\/de\/about-seico\/","title":{"rendered":"\u00dcber SEICO"},"content":{"rendered":"<h1 class=\"title-1\">\u00dcber <strong>SEICO<\/strong><\/h1>\n<p class=\"subtitle-1\" style=\"margin-bottom: 70px;\">SEICO vereint \u00fcber 80 Jahre Erfahrung in der Entwicklung \u00fcberlegener Heiz- und K\u00fchll\u00f6sungen f\u00fcr industrielle Anwendungen auf der ganzen Welt.<\/p>\n<p class=\"subtitle-1\" style=\"margin-bottom: 70px;\"><a href=\"https:\/\/seico.eu\/wp-content\/uploads\/2022\/11\/SEICO-Produkt-Katalog-double-sided.pdf\"><img decoding=\"async\" class=\"wp-image-1281 size-medium alignnone\" src=\"https:\/\/seico.eu\/wp-content\/uploads\/2022\/07\/Brochure-Button-E-300x71.jpg\" alt=\"SEICO BROCHURE\" width=\"300\" height=\"71\" srcset=\"https:\/\/seico.eu\/wp-content\/uploads\/2022\/07\/Brochure-Button-E-300x71.jpg 300w, https:\/\/seico.eu\/wp-content\/uploads\/2022\/07\/Brochure-Button-E.jpg 598w\" sizes=\"(max-width: 300px) 100vw, 300px\" \/><\/a><\/p>\n<p><b>Entwickelt f\u00fcr Exzellenz<\/b><\/p>\n<p>Der Fokus von SEICO auf Qualit\u00e4t wird durch au\u00dfergew\u00f6hnliches internes Ingenieurtalent und eine unternehmensweite Leidenschaft erreicht, die Anforderungen unserer anspruchsvollen globalen Kunden zu \u00fcbertreffen und sich auf die Entwicklung und Herstellung einer vollst\u00e4ndigen Palette von Standard- und kundenspezifischen Produkten f\u00fcr die Kunststoffe, Chemie-, Papier-, Maschinenbau- und Automobilindustrie.<\/p>\n<p>Als Teil der <a href=\"http:\/\/www.exheat.com\" target=\"_blank\" rel=\"noopener\">EXHEAT Gruppe<\/a>ist SEICO ein One-Stop-Shop f\u00fcr W\u00e4rmetechnik und spezialisiert auf eine Reihe von Dienstleistungen und Produkten, darunter:<\/p>\n<ul>\n<li>Prozesserhitzer und W\u00e4rmespeicherprodukte<\/li>\n<li>Druckbeh\u00e4lter und Geh\u00e4use<\/li>\n<li>Sonderanfertigungen und Produkte in Standardausf\u00fchrung<\/li>\n<li>Standalone-Produkte, vollst\u00e4ndige Prozesssysteme und schl\u00fcsselfertige Skid-Pakete<\/li>\n<li>Projektmanagement und Beratung<\/li>\n<li>Kundendienst und Wartung<\/li>\n<li>Mieteinheiten<\/li>\n<li>Innovation<\/li>\n<\/ul>\n<p style=\"margin-bottom: 45px;\">Unsere Kombination aus Innovation, Qualit\u00e4t und Zuverl\u00e4ssigkeit erm\u00f6glicht es uns, die Anforderungen und W\u00fcnsche unserer Kunden bestm\u00f6glich zu erf\u00fcllen und einen hohen Service- und Sicherheitsstandard zu gew\u00e4hrleisten, der f\u00fcr einen globalen Markt notwendig ist.<\/p>\n<p><b>\u00dcber die EXHEAT-Gruppe<\/b><\/p>\n<p style=\"margin-bottom: 45px;\">SEICO ist Teil der <a href=\"http:\/\/www.exheat.com\/about\/company-profile\" target=\"_blank\" rel=\"noopener\">EXHEAT-Unternehmensgruppe<\/a> \u2013 einem Weltklasse-Anbieter von Heizungs- und Steuerungsl\u00f6sungen f\u00fcr explosionsgef\u00e4hrdete Bereiche. Zusammen bieten SEICO und EXHEAT eine vollst\u00e4ndige Abdeckung von elektrischen Heiz- und Steuerungssystemen in Standard-\/ma\u00dfgeschneidertem Design f\u00fcr gro\u00dfe \u00d6l-, Gas- und Petrochemieprojekte auf der ganzen Welt.<\/p>","protected":false},"excerpt":{"rendered":"<p>About SEICO SEICO brings together over 80 years of experience in creating superior heating and cooling solutions for industrial applications [&hellip;]<\/p>\n","protected":false},"author":5,"featured_media":0,"parent":0,"menu_order":1,"comment_status":"closed","ping_status":"closed","template":"","meta":{"site-sidebar-layout":"default","site-content-layout":"","ast-site-content-layout":"default","site-content-style":"default","site-sidebar-style":"default","ast-global-header-display":"","ast-banner-title-visibility":"","ast-main-header-display":"","ast-hfb-above-header-display":"","ast-hfb-below-header-display":"","ast-hfb-mobile-header-display":"","site-post-title":"disabled","ast-breadcrumbs-content":"","ast-featured-img":"","footer-sml-layout":"","ast-disable-related-posts":"","theme-transparent-header-meta":"default","adv-header-id-meta":"","stick-header-meta":"default","header-above-stick-meta":"","header-main-stick-meta":"","header-below-stick-meta":"","astra-migrate-meta-layouts":"set","ast-page-background-enabled":"default","ast-page-background-meta":{"desktop":{"background-color":"var(--ast-global-color-4)","background-image":"","background-repeat":"repeat","background-position":"center center","background-size":"auto","background-attachment":"scroll","background-type":"","background-media":"","overlay-type":"","overlay-color":"","overlay-opacity":"","overlay-gradient":""},"tablet":{"background-color":"","background-image":"","background-repeat":"repeat","background-position":"center center","background-size":"auto","background-attachment":"scroll","background-type":"","background-media":"","overlay-type":"","overlay-color":"","overlay-opacity":"","overlay-gradient":""},"mobile":{"background-color":"","background-image":"","background-repeat":"repeat","background-position":"center center","background-size":"auto","background-attachment":"scroll","background-type":"","background-media":"","overlay-type":"","overlay-color":"","overlay-opacity":"","overlay-gradient":""}},"ast-content-background-meta":{"desktop":{"background-color":"var(--ast-global-color-5)","background-image":"","background-repeat":"repeat","background-position":"center center","background-size":"auto","background-attachment":"scroll","background-type":"","background-media":"","overlay-type":"","overlay-color":"","overlay-opacity":"","overlay-gradient":""},"tablet":{"background-color":"var(--ast-global-color-5)","background-image":"","background-repeat":"repeat","background-position":"center center","background-size":"auto","background-attachment":"scroll","background-type":"","background-media":"","overlay-type":"","overlay-color":"","overlay-opacity":"","overlay-gradient":""},"mobile":{"background-color":"var(--ast-global-color-5)","background-image":"","background-repeat":"repeat","background-position":"center center","background-size":"auto","background-attachment":"scroll","background-type":"","background-media":"","overlay-type":"","overlay-color":"","overlay-opacity":"","overlay-gradient":""}},"footnotes":"","_links_to":"","_links_to_target":""},"class_list":["post-125","page","type-page","status-publish","hentry"],"_links":{"self":[{"href":"https:\/\/seico.eu\/de\/wp-json\/wp\/v2\/pages\/125","targetHints":{"allow":["GET"]}}],"collection":[{"href":"https:\/\/seico.eu\/de\/wp-json\/wp\/v2\/pages"}],"about":[{"href":"https:\/\/seico.eu\/de\/wp-json\/wp\/v2\/types\/page"}],"author":[{"embeddable":true,"href":"https:\/\/seico.eu\/de\/wp-json\/wp\/v2\/users\/5"}],"replies":[{"embeddable":true,"href":"https:\/\/seico.eu\/de\/wp-json\/wp\/v2\/comments?post=125"}],"version-history":[{"count":38,"href":"https:\/\/seico.eu\/de\/wp-json\/wp\/v2\/pages\/125\/revisions"}],"predecessor-version":[{"id":1877,"href":"https:\/\/seico.eu\/de\/wp-json\/wp\/v2\/pages\/125\/revisions\/1877"}],"wp:attachment":[{"href":"https:\/\/seico.eu\/de\/wp-json\/wp\/v2\/media?parent=125"}],"curies":[{"name":"wp","href":"https:\/\/api.w.org\/{rel}","templated":true}]}}