{"id":1408,"date":"2022-11-23T09:34:38","date_gmt":"2022-11-23T09:34:38","guid":{"rendered":"https:\/\/seico.eu\/?page_id=1408"},"modified":"2025-08-22T07:10:10","modified_gmt":"2025-08-22T07:10:10","slug":"pharmaceutical_products","status":"publish","type":"page","link":"https:\/\/seico.eu\/de\/solutions\/pharmaceutical_products\/","title":{"rendered":"Pharma"},"content":{"rendered":"<p><img decoding=\"async\" class=\"alignright\" style=\"float: right; width: 300px; height: auto; margin-left: 25px;\" src=\"https:\/\/seico.eu\/wp-content\/uploads\/2022\/11\/Pharmaceutical-Products.jpg\" alt=\"\" \/><\/p>\n<p style=\"text-align: left;\">Die Produktpalette pharmazeutischer Unternehmen umfasst verschiedene Arzneimittel f\u00fcr die Human- und Veterin\u00e4rmedizin wie zum Beispiel: Fertigarzneimittel, Blutpr\u00e4parate, Seren, Impfstoffe, Allergenpr\u00e4parate und medizinische Ausr\u00fcstung. Prozessstabilit\u00e4t, hochgenaue Temperierung sowie die G\u00fcte der produktber\u00fchrenden Materialien haben entscheidenden Einfluss auf die Qualit\u00e4t und Reinheit des Endprodukts.<\/p>\n<p style=\"text-align: left;\">SEICO bietet modernste L\u00f6sungen in Design, Entwicklung und Produktion nicht nur elektrisch beheizter Systeme. Vom hochlegierten, rost- und s\u00e4urebest\u00e4ndigen Stahl im Anlagenbau bis hin zur SPS automatisierten Schaltanlage projektiert SEICO auch f\u00fcr Reinraum und Ex-Zonen.<\/p>","protected":false},"excerpt":{"rendered":"<p>The product range of pharmaceutical companies includes various medicines for human and veterinary medicine such as: finished medicinal products, blood [&hellip;]<\/p>\n","protected":false},"author":5,"featured_media":0,"parent":38,"menu_order":0,"comment_status":"closed","ping_status":"closed","template":"","meta":{"site-sidebar-layout":"default","site-content-layout":"","ast-site-content-layout":"default","site-content-style":"default","site-sidebar-style":"default","ast-global-header-display":"","ast-banner-title-visibility":"","ast-main-header-display":"","ast-hfb-above-header-display":"","ast-hfb-below-header-display":"","ast-hfb-mobile-header-display":"","site-post-title":"","ast-breadcrumbs-content":"","ast-featured-img":"","footer-sml-layout":"","ast-disable-related-posts":"","theme-transparent-header-meta":"default","adv-header-id-meta":"","stick-header-meta":"default","header-above-stick-meta":"","header-main-stick-meta":"","header-below-stick-meta":"","astra-migrate-meta-layouts":"set","ast-page-background-enabled":"default","ast-page-background-meta":{"desktop":{"background-color":"var(--ast-global-color-4)","background-image":"","background-repeat":"repeat","background-position":"center center","background-size":"auto","background-attachment":"scroll","background-type":"","background-media":"","overlay-type":"","overlay-color":"","overlay-opacity":"","overlay-gradient":""},"tablet":{"background-color":"","background-image":"","background-repeat":"repeat","background-position":"center center","background-size":"auto","background-attachment":"scroll","background-type":"","background-media":"","overlay-type":"","overlay-color":"","overlay-opacity":"","overlay-gradient":""},"mobile":{"background-color":"","background-image":"","background-repeat":"repeat","background-position":"center center","background-size":"auto","background-attachment":"scroll","background-type":"","background-media":"","overlay-type":"","overlay-color":"","overlay-opacity":"","overlay-gradient":""}},"ast-content-background-meta":{"desktop":{"background-color":"var(--ast-global-color-5)","background-image":"","background-repeat":"repeat","background-position":"center center","background-size":"auto","background-attachment":"scroll","background-type":"","background-media":"","overlay-type":"","overlay-color":"","overlay-opacity":"","overlay-gradient":""},"tablet":{"background-color":"var(--ast-global-color-5)","background-image":"","background-repeat":"repeat","background-position":"center center","background-size":"auto","background-attachment":"scroll","background-type":"","background-media":"","overlay-type":"","overlay-color":"","overlay-opacity":"","overlay-gradient":""},"mobile":{"background-color":"var(--ast-global-color-5)","background-image":"","background-repeat":"repeat","background-position":"center center","background-size":"auto","background-attachment":"scroll","background-type":"","background-media":"","overlay-type":"","overlay-color":"","overlay-opacity":"","overlay-gradient":""}},"footnotes":"","_links_to":"","_links_to_target":""},"class_list":["post-1408","page","type-page","status-publish","hentry"],"_links":{"self":[{"href":"https:\/\/seico.eu\/de\/wp-json\/wp\/v2\/pages\/1408","targetHints":{"allow":["GET"]}}],"collection":[{"href":"https:\/\/seico.eu\/de\/wp-json\/wp\/v2\/pages"}],"about":[{"href":"https:\/\/seico.eu\/de\/wp-json\/wp\/v2\/types\/page"}],"author":[{"embeddable":true,"href":"https:\/\/seico.eu\/de\/wp-json\/wp\/v2\/users\/5"}],"replies":[{"embeddable":true,"href":"https:\/\/seico.eu\/de\/wp-json\/wp\/v2\/comments?post=1408"}],"version-history":[{"count":3,"href":"https:\/\/seico.eu\/de\/wp-json\/wp\/v2\/pages\/1408\/revisions"}],"predecessor-version":[{"id":2124,"href":"https:\/\/seico.eu\/de\/wp-json\/wp\/v2\/pages\/1408\/revisions\/2124"}],"up":[{"embeddable":true,"href":"https:\/\/seico.eu\/de\/wp-json\/wp\/v2\/pages\/38"}],"wp:attachment":[{"href":"https:\/\/seico.eu\/de\/wp-json\/wp\/v2\/media?parent=1408"}],"curies":[{"name":"wp","href":"https:\/\/api.w.org\/{rel}","templated":true}]}}