{"id":174,"date":"2020-10-28T07:14:10","date_gmt":"2020-10-28T07:14:10","guid":{"rendered":"http:\/\/seico-heizungen.com\/?page_id=174"},"modified":"2025-08-27T17:26:55","modified_gmt":"2025-08-27T17:26:55","slug":"products","status":"publish","type":"page","link":"https:\/\/seico.eu\/de\/products\/","title":{"rendered":"Produkte"},"content":{"rendered":"<div data-elementor-type=\"wp-page\" data-elementor-id=\"174\" class=\"elementor elementor-174\">\n\t\t\t\t<div class=\"elementor-element elementor-element-47231ac4 e-flex e-con-boxed e-con e-parent\" data-id=\"47231ac4\" data-element_type=\"container\" data-e-type=\"container\">\n\t\t\t\t\t<div class=\"e-con-inner\">\n\t\t\t\t<div class=\"elementor-element elementor-element-2f1b9a91 elementor-widget elementor-widget-text-editor\" data-id=\"2f1b9a91\" data-element_type=\"widget\" data-e-type=\"widget\" data-widget_type=\"text-editor.default\">\n\t\t\t\t<div class=\"elementor-widget-container\">\n\t\t\t\t\t\t\t\t\t<p class=\"subtitle-1\">SEICO stellt eine breite Palette von Heiz- und K\u00fchlsystemen f\u00fcr eine Vielzahl von Industrien her, gest\u00fctzt auf langj\u00e4hrige Erfahrung. Erfahren Sie mehr \u00fcber die verschiedenen Produkte, die wir anbieten.<\/p>\n\n\n<a href=\"https:\/\/seico.eu\/wp-content\/uploads\/2022\/11\/SEICO-Produkt-Katalog-double-sided.pdf\"><img decoding=\"async\" class=\".image:hover {background-color: #3e8e41} aligncenter wp-image-1281 size-medium\" src=\"https:\/\/seico.eu\/wp-content\/uploads\/2022\/07\/Brochure-Button-E-300x71.jpg\" alt=\"\" width=\"300\" height=\"71\" srcset=\"https:\/\/seico.eu\/wp-content\/uploads\/2022\/07\/Brochure-Button-E-300x71.jpg 300w, https:\/\/seico.eu\/wp-content\/uploads\/2022\/07\/Brochure-Button-E.jpg 598w\" sizes=\"(max-width: 300px) 100vw, 300px\" \/><\/a>\t\t\t\t\t\t\t\t<\/div>\n\t\t\t\t<\/div>\n\t\t\t\t\t<\/div>\n\t\t\t\t<\/div>\n\t\t<div class=\"elementor-element elementor-element-312b4e2 e-flex e-con-boxed e-con e-parent\" data-id=\"312b4e2\" data-element_type=\"container\" data-e-type=\"container\">\n\t\t\t\t\t<div class=\"e-con-inner\">\n\t\t\t\t<div class=\"elementor-element elementor-element-25603db elementor-widget elementor-widget-heading\" data-id=\"25603db\" data-element_type=\"widget\" data-e-type=\"widget\" data-widget_type=\"heading.default\">\n\t\t\t\t<div class=\"elementor-widget-container\">\n\t\t\t\t\t<h2 class=\"elementor-heading-title elementor-size-default\">Kundenspezifische Produkte<\/h2>\t\t\t\t<\/div>\n\t\t\t\t<\/div>\n\t\t\t\t\t<\/div>\n\t\t\t\t<\/div>\n\t\t<div class=\"elementor-element elementor-element-72818c5 e-grid products-gallery e-con-boxed e-con e-parent\" data-id=\"72818c5\" data-element_type=\"container\" data-e-type=\"container\">\n\t\t\t\t\t<div class=\"e-con-inner\">\n\t\t\t\t<div class=\"elementor-element elementor-element-5886cb6 elementor-position-top elementor-widget elementor-widget-image-box\" data-id=\"5886cb6\" data-element_type=\"widget\" data-e-type=\"widget\" data-widget_type=\"image-box.default\">\n\t\t\t\t<div class=\"elementor-widget-container\">\n\t\t\t\t\t<div class=\"elementor-image-box-wrapper\"><figure class=\"elementor-image-box-img\"><a href=\"https:\/\/seico.eu\/de\/products\/temperature-control-units-for-thermal-oil-water-or-molten-salt\/\" tabindex=\"-1\"><img fetchpriority=\"high\" decoding=\"async\" width=\"300\" height=\"250\" src=\"https:\/\/seico.eu\/wp-content\/uploads\/2021\/07\/img-product-processsystems-300x250.jpg\" class=\"elementor-animation-grow attachment-medium size-medium wp-image-742\" alt=\"\" srcset=\"https:\/\/seico.eu\/wp-content\/uploads\/2021\/07\/img-product-processsystems-300x250.jpg 300w, https:\/\/seico.eu\/wp-content\/uploads\/2021\/07\/img-product-processsystems.jpg 380w\" sizes=\"(max-width: 300px) 100vw, 300px\" \/><\/a><\/figure><div class=\"elementor-image-box-content\"><h3 class=\"elementor-image-box-title\"><a href=\"https:\/\/seico.eu\/de\/products\/temperature-control-units-for-thermal-oil-water-or-molten-salt\/\">Temperierger\u00e4te f\u00fcr Thermal\u00f6l, Wasser oder Salzschmelze<\/a><\/h3><\/div><\/div>\t\t\t\t<\/div>\n\t\t\t\t<\/div>\n\t\t\t\t<div class=\"elementor-element elementor-element-93df45d elementor-position-top elementor-widget elementor-widget-image-box\" data-id=\"93df45d\" data-element_type=\"widget\" data-e-type=\"widget\" data-widget_type=\"image-box.default\">\n\t\t\t\t<div class=\"elementor-widget-container\">\n\t\t\t\t\t<div class=\"elementor-image-box-wrapper\"><figure class=\"elementor-image-box-img\"><a href=\"https:\/\/seico.eu\/de\/process-heater-for-gaseous-and-liquid-media\/\" tabindex=\"-1\"><img decoding=\"async\" width=\"300\" height=\"184\" src=\"https:\/\/seico.eu\/wp-content\/uploads\/2020\/11\/image027-300x184.png\" class=\"elementor-animation-grow attachment-medium size-medium wp-image-445\" alt=\"\" srcset=\"https:\/\/seico.eu\/wp-content\/uploads\/2020\/11\/image027-300x184.png 300w, https:\/\/seico.eu\/wp-content\/uploads\/2020\/11\/image027.png 394w\" sizes=\"(max-width: 300px) 100vw, 300px\" \/><\/a><\/figure><div class=\"elementor-image-box-content\"><h3 class=\"elementor-image-box-title\"><a href=\"https:\/\/seico.eu\/de\/process-heater-for-gaseous-and-liquid-media\/\">Prozesserhitzer f\u00fcr gasf\u00f6rmige und fl\u00fcssige Medien<\/a><\/h3><\/div><\/div>\t\t\t\t<\/div>\n\t\t\t\t<\/div>\n\t\t\t\t<div class=\"elementor-element elementor-element-f031f92 elementor-position-top elementor-widget elementor-widget-image-box\" data-id=\"f031f92\" data-element_type=\"widget\" data-e-type=\"widget\" data-widget_type=\"image-box.default\">\n\t\t\t\t<div class=\"elementor-widget-container\">\n\t\t\t\t\t<div class=\"elementor-image-box-wrapper\"><figure class=\"elementor-image-box-img\"><a href=\"https:\/\/seico.eu\/de\/vehicle-technology\/\" tabindex=\"-1\"><img loading=\"lazy\" decoding=\"async\" width=\"300\" height=\"146\" src=\"https:\/\/seico.eu\/wp-content\/uploads\/2021\/07\/imgfeat-vehicle-cabin-300x146.png\" class=\"elementor-animation-grow attachment-medium size-medium wp-image-745\" alt=\"\" srcset=\"https:\/\/seico.eu\/wp-content\/uploads\/2021\/07\/imgfeat-vehicle-cabin-300x146.png 300w, https:\/\/seico.eu\/wp-content\/uploads\/2021\/07\/imgfeat-vehicle-cabin.png 400w\" sizes=\"(max-width: 300px) 100vw, 300px\" \/><\/a><\/figure><div class=\"elementor-image-box-content\"><h3 class=\"elementor-image-box-title\"><a href=\"https:\/\/seico.eu\/de\/vehicle-technology\/\">Fahrzeugtechnik<\/a><\/h3><\/div><\/div>\t\t\t\t<\/div>\n\t\t\t\t<\/div>\n\t\t\t\t<div class=\"elementor-element elementor-element-2e4e5b1 elementor-position-top elementor-widget elementor-widget-image-box\" data-id=\"2e4e5b1\" data-element_type=\"widget\" data-e-type=\"widget\" data-widget_type=\"image-box.default\">\n\t\t\t\t<div class=\"elementor-widget-container\">\n\t\t\t\t\t<div class=\"elementor-image-box-wrapper\"><figure class=\"elementor-image-box-img\"><a href=\"https:\/\/seico.eu\/de\/products\/dosing-system\/\" tabindex=\"-1\"><img loading=\"lazy\" decoding=\"async\" width=\"110\" height=\"300\" src=\"https:\/\/seico.eu\/wp-content\/uploads\/2022\/06\/Dosing-System-e1656587290643-110x300.jpg\" class=\"elementor-animation-grow attachment-medium size-medium wp-image-1239\" alt=\"\" srcset=\"https:\/\/seico.eu\/wp-content\/uploads\/2022\/06\/Dosing-System-e1656587290643-110x300.jpg 110w, https:\/\/seico.eu\/wp-content\/uploads\/2022\/06\/Dosing-System-e1656587290643.jpg 146w\" sizes=\"(max-width: 110px) 100vw, 110px\" \/><\/a><\/figure><div class=\"elementor-image-box-content\"><h3 class=\"elementor-image-box-title\"><a href=\"https:\/\/seico.eu\/de\/products\/dosing-system\/\">Dosing System<\/a><\/h3><\/div><\/div>\t\t\t\t<\/div>\n\t\t\t\t<\/div>\n\t\t\t\t<div class=\"elementor-element elementor-element-160e0f7 elementor-position-top elementor-widget elementor-widget-image-box\" data-id=\"160e0f7\" data-element_type=\"widget\" data-e-type=\"widget\" data-widget_type=\"image-box.default\">\n\t\t\t\t<div class=\"elementor-widget-container\">\n\t\t\t\t\t<div class=\"elementor-image-box-wrapper\"><figure class=\"elementor-image-box-img\"><a href=\"https:\/\/seico.eu\/de\/products\/switchgear\/\" tabindex=\"-1\"><img loading=\"lazy\" decoding=\"async\" width=\"250\" height=\"260\" src=\"https:\/\/seico.eu\/wp-content\/uploads\/2021\/07\/controls-lvmcc-blockfeat.png\" class=\"elementor-animation-grow attachment-medium size-medium wp-image-766\" alt=\"\" \/><\/a><\/figure><div class=\"elementor-image-box-content\"><h3 class=\"elementor-image-box-title\"><a href=\"https:\/\/seico.eu\/de\/products\/switchgear\/\">Schaltanlagen<\/a><\/h3><\/div><\/div>\t\t\t\t<\/div>\n\t\t\t\t<\/div>\n\t\t\t\t<div class=\"elementor-element elementor-element-6aace8f elementor-position-top elementor-widget elementor-widget-image-box\" data-id=\"6aace8f\" data-element_type=\"widget\" data-e-type=\"widget\" data-widget_type=\"image-box.default\">\n\t\t\t\t<div class=\"elementor-widget-container\">\n\t\t\t\t\t<div class=\"elementor-image-box-wrapper\"><figure class=\"elementor-image-box-img\"><a href=\"https:\/\/seico.eu\/de\/products\/pressure-vessels-and-heat-exchangers\/\" tabindex=\"-1\"><img loading=\"lazy\" decoding=\"async\" width=\"249\" height=\"300\" src=\"https:\/\/seico.eu\/wp-content\/uploads\/2021\/11\/heated-vessels_blocksmall-e1656586015157.png\" class=\"elementor-animation-grow attachment-medium size-medium wp-image-992\" alt=\"\" \/><\/a><\/figure><div class=\"elementor-image-box-content\"><h3 class=\"elementor-image-box-title\"><a href=\"https:\/\/seico.eu\/de\/products\/pressure-vessels-and-heat-exchangers\/\">Druckbeh\u00e4lter und W\u00e4rmeaustauscher<\/a><\/h3><\/div><\/div>\t\t\t\t<\/div>\n\t\t\t\t<\/div>\n\t\t\t\t\t<\/div>\n\t\t\t\t<\/div>\n\t\t<div class=\"elementor-element elementor-element-3e6b8f4 e-flex e-con-boxed e-con e-parent\" data-id=\"3e6b8f4\" data-element_type=\"container\" data-e-type=\"container\">\n\t\t\t\t\t<div class=\"e-con-inner\">\n\t\t\t\t<div class=\"elementor-element elementor-element-66a7f3c elementor-widget-divider--view-line elementor-widget elementor-widget-divider\" data-id=\"66a7f3c\" data-element_type=\"widget\" data-e-type=\"widget\" data-widget_type=\"divider.default\">\n\t\t\t\t<div class=\"elementor-widget-container\">\n\t\t\t\t\t\t\t<div class=\"elementor-divider\">\n\t\t\t<span class=\"elementor-divider-separator\">\n\t\t\t\t\t\t<\/span>\n\t\t<\/div>\n\t\t\t\t\t\t<\/div>\n\t\t\t\t<\/div>\n\t\t\t\t\t<\/div>\n\t\t\t\t<\/div>\n\t\t<div class=\"elementor-element elementor-element-b3a0d74 e-flex e-con-boxed e-con e-parent\" data-id=\"b3a0d74\" data-element_type=\"container\" data-e-type=\"container\">\n\t\t\t\t\t<div class=\"e-con-inner\">\n\t\t<div class=\"elementor-element elementor-element-68ce86b e-con-full e-flex e-con e-child\" data-id=\"68ce86b\" data-element_type=\"container\" data-e-type=\"container\">\n\t\t\t\t<div class=\"elementor-element elementor-element-c1f4177 elementor-widget elementor-widget-heading\" data-id=\"c1f4177\" data-element_type=\"widget\" data-e-type=\"widget\" data-widget_type=\"heading.default\">\n\t\t\t\t<div class=\"elementor-widget-container\">\n\t\t\t\t\t<h2 class=\"elementor-heading-title elementor-size-default\">Standardprodukte<\/h2>\t\t\t\t<\/div>\n\t\t\t\t<\/div>\n\t\t\t\t<\/div>\n\t\t\t\t\t<\/div>\n\t\t\t\t<\/div>\n\t\t<div class=\"elementor-element elementor-element-5a4b469 e-grid products-gallery e-con-boxed e-con e-parent\" data-id=\"5a4b469\" data-element_type=\"container\" data-e-type=\"container\">\n\t\t\t\t\t<div class=\"e-con-inner\">\n\t\t\t\t<div class=\"elementor-element elementor-element-5e422ba elementor-position-top elementor-widget elementor-widget-image-box\" data-id=\"5e422ba\" data-element_type=\"widget\" data-e-type=\"widget\" data-widget_type=\"image-box.default\">\n\t\t\t\t<div class=\"elementor-widget-container\">\n\t\t\t\t\t<div class=\"elementor-image-box-wrapper\"><figure class=\"elementor-image-box-img\"><a href=\"https:\/\/seico.eu\/de\/products\/temperature-control-units\/\" tabindex=\"-1\"><img loading=\"lazy\" decoding=\"async\" width=\"300\" height=\"250\" src=\"https:\/\/seico.eu\/wp-content\/uploads\/2021\/07\/imggall-productcategory-stdsystems-300x250.jpg\" class=\"elementor-animation-grow attachment-medium size-medium wp-image-744\" alt=\"\" srcset=\"https:\/\/seico.eu\/wp-content\/uploads\/2021\/07\/imggall-productcategory-stdsystems-300x250.jpg 300w, https:\/\/seico.eu\/wp-content\/uploads\/2021\/07\/imggall-productcategory-stdsystems.jpg 380w\" sizes=\"(max-width: 300px) 100vw, 300px\" \/><\/a><\/figure><div class=\"elementor-image-box-content\"><h3 class=\"elementor-image-box-title\"><a href=\"https:\/\/seico.eu\/de\/products\/temperature-control-units\/\">Temperierger\u00e4te<\/a><\/h3><\/div><\/div>\t\t\t\t<\/div>\n\t\t\t\t<\/div>\n\t\t\t\t<div class=\"elementor-element elementor-element-3645d06 elementor-position-top elementor-widget elementor-widget-image-box\" data-id=\"3645d06\" data-element_type=\"widget\" data-e-type=\"widget\" data-widget_type=\"image-box.default\">\n\t\t\t\t<div class=\"elementor-widget-container\">\n\t\t\t\t\t<div class=\"elementor-image-box-wrapper\"><figure class=\"elementor-image-box-img\"><a href=\"https:\/\/seico.eu\/de\/products\/convection-heaters\/\" tabindex=\"-1\"><img loading=\"lazy\" decoding=\"async\" width=\"300\" height=\"300\" src=\"https:\/\/seico.eu\/wp-content\/uploads\/2020\/11\/convection-faw-blockbig-300x300.png\" class=\"elementor-animation-grow attachment-medium size-medium wp-image-1373\" alt=\"\" srcset=\"https:\/\/seico.eu\/wp-content\/uploads\/2020\/11\/convection-faw-blockbig-300x300.png 300w, https:\/\/seico.eu\/wp-content\/uploads\/2020\/11\/convection-faw-blockbig-150x150.png 150w, https:\/\/seico.eu\/wp-content\/uploads\/2020\/11\/convection-faw-blockbig.png 600w\" sizes=\"(max-width: 300px) 100vw, 300px\" \/><\/a><\/figure><div class=\"elementor-image-box-content\"><h3 class=\"elementor-image-box-title\"><a href=\"https:\/\/seico.eu\/de\/products\/convection-heaters\/\">Lufterhitzer<\/a><\/h3><\/div><\/div>\t\t\t\t<\/div>\n\t\t\t\t<\/div>\n\t\t\t\t<div class=\"elementor-element elementor-element-0beb96c elementor-position-top elementor-widget elementor-widget-image-box\" data-id=\"0beb96c\" data-element_type=\"widget\" data-e-type=\"widget\" data-widget_type=\"image-box.default\">\n\t\t\t\t<div class=\"elementor-widget-container\">\n\t\t\t\t\t<div class=\"elementor-image-box-wrapper\"><figure class=\"elementor-image-box-img\"><a href=\"https:\/\/seico.eu\/de\/products\/immersion-heaters\/\" tabindex=\"-1\"><img loading=\"lazy\" decoding=\"async\" width=\"300\" height=\"169\" src=\"https:\/\/seico.eu\/wp-content\/uploads\/2020\/11\/image062-300x169.png\" class=\"elementor-animation-grow attachment-medium size-medium wp-image-468\" alt=\"\" srcset=\"https:\/\/seico.eu\/wp-content\/uploads\/2020\/11\/image062-300x169.png 300w, https:\/\/seico.eu\/wp-content\/uploads\/2020\/11\/image062.png 394w\" sizes=\"(max-width: 300px) 100vw, 300px\" \/><\/a><\/figure><div class=\"elementor-image-box-content\"><h3 class=\"elementor-image-box-title\"><a href=\"https:\/\/seico.eu\/de\/products\/immersion-heaters\/\">Elektrische Heizeins\u00e4tze<\/a><\/h3><\/div><\/div>\t\t\t\t<\/div>\n\t\t\t\t<\/div>\n\t\t\t\t<div class=\"elementor-element elementor-element-9eee914 elementor-position-top elementor-widget elementor-widget-image-box\" data-id=\"9eee914\" data-element_type=\"widget\" data-e-type=\"widget\" data-widget_type=\"image-box.default\">\n\t\t\t\t<div class=\"elementor-widget-container\">\n\t\t\t\t\t<div class=\"elementor-image-box-wrapper\"><figure class=\"elementor-image-box-img\"><a href=\"https:\/\/seico.eu\/de\/products\/line-heaters\/\" tabindex=\"-1\"><img loading=\"lazy\" decoding=\"async\" width=\"300\" height=\"120\" src=\"https:\/\/seico.eu\/wp-content\/uploads\/2020\/11\/image069-300x120.png\" class=\"elementor-animation-grow attachment-medium size-medium wp-image-471\" alt=\"\" srcset=\"https:\/\/seico.eu\/wp-content\/uploads\/2020\/11\/image069-300x120.png 300w, https:\/\/seico.eu\/wp-content\/uploads\/2020\/11\/image069.png 394w\" sizes=\"(max-width: 300px) 100vw, 300px\" \/><\/a><\/figure><div class=\"elementor-image-box-content\"><h3 class=\"elementor-image-box-title\"><a href=\"https:\/\/seico.eu\/de\/products\/line-heaters\/\">Durchlauferhitzer<\/a><\/h3><\/div><\/div>\t\t\t\t<\/div>\n\t\t\t\t<\/div>\n\t\t\t\t<div class=\"elementor-element elementor-element-813b062 elementor-position-top elementor-widget elementor-widget-image-box\" data-id=\"813b062\" data-element_type=\"widget\" data-e-type=\"widget\" data-widget_type=\"image-box.default\">\n\t\t\t\t<div class=\"elementor-widget-container\">\n\t\t\t\t\t<div class=\"elementor-image-box-wrapper\"><figure class=\"elementor-image-box-img\"><a href=\"https:\/\/seico.eu\/de\/products\/fan-heaters\/\" tabindex=\"-1\"><img loading=\"lazy\" decoding=\"async\" width=\"300\" height=\"250\" src=\"https:\/\/seico.eu\/wp-content\/uploads\/2021\/07\/imggall-productcategory-fan-300x250.jpg\" class=\"elementor-animation-grow attachment-medium size-medium wp-image-743\" alt=\"\" srcset=\"https:\/\/seico.eu\/wp-content\/uploads\/2021\/07\/imggall-productcategory-fan-300x250.jpg 300w, https:\/\/seico.eu\/wp-content\/uploads\/2021\/07\/imggall-productcategory-fan.jpg 380w\" sizes=\"(max-width: 300px) 100vw, 300px\" \/><\/a><\/figure><div class=\"elementor-image-box-content\"><h3 class=\"elementor-image-box-title\"><a href=\"https:\/\/seico.eu\/de\/products\/fan-heaters\/\">Heizl\u00fcfter<\/a><\/h3><\/div><\/div>\t\t\t\t<\/div>\n\t\t\t\t<\/div>\n\t\t\t\t\t<\/div>\n\t\t\t\t<\/div>\n\t\t\t\t<\/div>","protected":false},"excerpt":{"rendered":"<p>SEICO manufactures a wide range of heating and cooling systems for a variety of industries, backed by years of experience. [&hellip;]<\/p>\n","protected":false},"author":5,"featured_media":0,"parent":0,"menu_order":0,"comment_status":"closed","ping_status":"closed","template":"","meta":{"site-sidebar-layout":"default","site-content-layout":"","ast-site-content-layout":"default","site-content-style":"default","site-sidebar-style":"default","ast-global-header-display":"","ast-banner-title-visibility":"","ast-main-header-display":"","ast-hfb-above-header-display":"","ast-hfb-below-header-display":"","ast-hfb-mobile-header-display":"","site-post-title":"","ast-breadcrumbs-content":"","ast-featured-img":"","footer-sml-layout":"","ast-disable-related-posts":"","theme-transparent-header-meta":"","adv-header-id-meta":"","stick-header-meta":"","header-above-stick-meta":"","header-main-stick-meta":"","header-below-stick-meta":"","astra-migrate-meta-layouts":"default","ast-page-background-enabled":"default","ast-page-background-meta":{"desktop":{"background-color":"var(--ast-global-color-4)","background-image":"","background-repeat":"repeat","background-position":"center center","background-size":"auto","background-attachment":"scroll","background-type":"","background-media":"","overlay-type":"","overlay-color":"","overlay-opacity":"","overlay-gradient":""},"tablet":{"background-color":"","background-image":"","background-repeat":"repeat","background-position":"center center","background-size":"auto","background-attachment":"scroll","background-type":"","background-media":"","overlay-type":"","overlay-color":"","overlay-opacity":"","overlay-gradient":""},"mobile":{"background-color":"","background-image":"","background-repeat":"repeat","background-position":"center center","background-size":"auto","background-attachment":"scroll","background-type":"","background-media":"","overlay-type":"","overlay-color":"","overlay-opacity":"","overlay-gradient":""}},"ast-content-background-meta":{"desktop":{"background-color":"var(--ast-global-color-5)","background-image":"","background-repeat":"repeat","background-position":"center center","background-size":"auto","background-attachment":"scroll","background-type":"","background-media":"","overlay-type":"","overlay-color":"","overlay-opacity":"","overlay-gradient":""},"tablet":{"background-color":"var(--ast-global-color-5)","background-image":"","background-repeat":"repeat","background-position":"center center","background-size":"auto","background-attachment":"scroll","background-type":"","background-media":"","overlay-type":"","overlay-color":"","overlay-opacity":"","overlay-gradient":""},"mobile":{"background-color":"var(--ast-global-color-5)","background-image":"","background-repeat":"repeat","background-position":"center center","background-size":"auto","background-attachment":"scroll","background-type":"","background-media":"","overlay-type":"","overlay-color":"","overlay-opacity":"","overlay-gradient":""}},"footnotes":"","_links_to":"","_links_to_target":""},"class_list":["post-174","page","type-page","status-publish","hentry"],"_links":{"self":[{"href":"https:\/\/seico.eu\/de\/wp-json\/wp\/v2\/pages\/174","targetHints":{"allow":["GET"]}}],"collection":[{"href":"https:\/\/seico.eu\/de\/wp-json\/wp\/v2\/pages"}],"about":[{"href":"https:\/\/seico.eu\/de\/wp-json\/wp\/v2\/types\/page"}],"author":[{"embeddable":true,"href":"https:\/\/seico.eu\/de\/wp-json\/wp\/v2\/users\/5"}],"replies":[{"embeddable":true,"href":"https:\/\/seico.eu\/de\/wp-json\/wp\/v2\/comments?post=174"}],"version-history":[{"count":64,"href":"https:\/\/seico.eu\/de\/wp-json\/wp\/v2\/pages\/174\/revisions"}],"predecessor-version":[{"id":2444,"href":"https:\/\/seico.eu\/de\/wp-json\/wp\/v2\/pages\/174\/revisions\/2444"}],"wp:attachment":[{"href":"https:\/\/seico.eu\/de\/wp-json\/wp\/v2\/media?parent=174"}],"curies":[{"name":"wp","href":"https:\/\/api.w.org\/{rel}","templated":true}]}}