{"id":1769,"date":"2024-10-16T04:54:33","date_gmt":"2024-10-16T04:54:33","guid":{"rendered":"https:\/\/seico.eu\/?page_id=1769"},"modified":"2025-08-22T09:39:58","modified_gmt":"2025-08-22T09:39:58","slug":"temperature-control-units-for-thermal-oil-water-or-molten-salt","status":"publish","type":"page","link":"https:\/\/seico.eu\/de\/products\/temperature-control-units-for-thermal-oil-water-or-molten-salt\/","title":{"rendered":"Temperierger\u00e4te f\u00fcr Thermal\u00f6l, Wasser oder Salzschmelze"},"content":{"rendered":"<div data-elementor-type=\"wp-page\" data-elementor-id=\"1769\" class=\"elementor elementor-1769\">\n\t\t\t\t<div class=\"elementor-element elementor-element-7d318eb e-flex e-con-boxed e-con e-parent\" data-id=\"7d318eb\" data-element_type=\"container\" data-e-type=\"container\">\n\t\t\t\t\t<div class=\"e-con-inner\">\n\t\t\t\t<div class=\"elementor-element elementor-element-457eec7 elementor-widget elementor-widget-heading\" data-id=\"457eec7\" data-element_type=\"widget\" data-e-type=\"widget\" data-widget_type=\"heading.default\">\n\t\t\t\t<div class=\"elementor-widget-container\">\n\t\t\t\t\t<h2 class=\"elementor-heading-title elementor-size-default\">Temperierger\u00e4te f\u00fcr Thermal\u00f6l, Wasser oder Salzschmelze\n<\/h2>\t\t\t\t<\/div>\n\t\t\t\t<\/div>\n\t\t\t\t\t<\/div>\n\t\t\t\t<\/div>\n\t\t<div class=\"elementor-element elementor-element-ec78310 e-grid e-con-boxed e-con e-parent\" data-id=\"ec78310\" data-element_type=\"container\" data-e-type=\"container\">\n\t\t\t\t\t<div class=\"e-con-inner\">\n\t\t\t\t<div class=\"elementor-element elementor-element-df0cee6 elementor-position-top elementor-widget elementor-widget-image-box\" data-id=\"df0cee6\" data-element_type=\"widget\" data-e-type=\"widget\" data-widget_type=\"image-box.default\">\n\t\t\t\t<div class=\"elementor-widget-container\">\n\t\t\t\t\t<div class=\"elementor-image-box-wrapper\"><figure class=\"elementor-image-box-img\"><a href=\"https:\/\/seico.eu\/de\/hot-oil-systems\/\" tabindex=\"-1\"><img fetchpriority=\"high\" decoding=\"async\" width=\"380\" height=\"317\" src=\"https:\/\/seico.eu\/wp-content\/uploads\/2021\/07\/img-product-processsystems.jpg\" class=\"elementor-animation-grow attachment-full size-full wp-image-742\" alt=\"\" srcset=\"https:\/\/seico.eu\/wp-content\/uploads\/2021\/07\/img-product-processsystems.jpg 380w, https:\/\/seico.eu\/wp-content\/uploads\/2021\/07\/img-product-processsystems-300x250.jpg 300w\" sizes=\"(max-width: 380px) 100vw, 380px\" \/><\/a><\/figure><div class=\"elementor-image-box-content\"><h3 class=\"elementor-image-box-title\"><a href=\"https:\/\/seico.eu\/de\/hot-oil-systems\/\">Thermal\u00f6l-Systeme<\/a><\/h3><\/div><\/div>\t\t\t\t<\/div>\n\t\t\t\t<\/div>\n\t\t\t\t<div class=\"elementor-element elementor-element-a604851 elementor-position-top elementor-widget elementor-widget-image-box\" data-id=\"a604851\" data-element_type=\"widget\" data-e-type=\"widget\" data-widget_type=\"image-box.default\">\n\t\t\t\t<div class=\"elementor-widget-container\">\n\t\t\t\t\t<div class=\"elementor-image-box-wrapper\"><figure class=\"elementor-image-box-img\"><a href=\"https:\/\/seico.eu\/de\/products\/temperature-control-units-for-thermal-oil-water-or-molten-salt\/hot-water-systems\/\" tabindex=\"-1\"><img decoding=\"async\" width=\"250\" height=\"250\" src=\"https:\/\/seico.eu\/wp-content\/uploads\/2021\/07\/systems-hotwater-blocksmall.jpg\" class=\"elementor-animation-grow attachment-full size-full wp-image-773\" alt=\"\" srcset=\"https:\/\/seico.eu\/wp-content\/uploads\/2021\/07\/systems-hotwater-blocksmall.jpg 250w, https:\/\/seico.eu\/wp-content\/uploads\/2021\/07\/systems-hotwater-blocksmall-150x150.jpg 150w\" sizes=\"(max-width: 250px) 100vw, 250px\" \/><\/a><\/figure><div class=\"elementor-image-box-content\"><h3 class=\"elementor-image-box-title\"><a href=\"https:\/\/seico.eu\/de\/products\/temperature-control-units-for-thermal-oil-water-or-molten-salt\/hot-water-systems\/\">Hei\u00dfwasser-Systeme<\/a><\/h3><\/div><\/div>\t\t\t\t<\/div>\n\t\t\t\t<\/div>\n\t\t\t\t<div class=\"elementor-element elementor-element-08362a6 elementor-position-top elementor-widget elementor-widget-image-box\" data-id=\"08362a6\" data-element_type=\"widget\" data-e-type=\"widget\" data-widget_type=\"image-box.default\">\n\t\t\t\t<div class=\"elementor-widget-container\">\n\t\t\t\t\t<div class=\"elementor-image-box-wrapper\"><figure class=\"elementor-image-box-img\"><a href=\"https:\/\/seico.eu\/de\/products\/temperature-control-units-for-thermal-oil-water-or-molten-salt\/complete-plant-construction\/\" tabindex=\"-1\"><img decoding=\"async\" width=\"250\" height=\"250\" src=\"https:\/\/seico.eu\/wp-content\/uploads\/2021\/07\/systems-skids-blocksmall.jpg\" class=\"elementor-animation-grow attachment-full size-full wp-image-770\" alt=\"\" srcset=\"https:\/\/seico.eu\/wp-content\/uploads\/2021\/07\/systems-skids-blocksmall.jpg 250w, https:\/\/seico.eu\/wp-content\/uploads\/2021\/07\/systems-skids-blocksmall-150x150.jpg 150w\" sizes=\"(max-width: 250px) 100vw, 250px\" \/><\/a><\/figure><div class=\"elementor-image-box-content\"><h3 class=\"elementor-image-box-title\"><a href=\"https:\/\/seico.eu\/de\/products\/temperature-control-units-for-thermal-oil-water-or-molten-salt\/complete-plant-construction\/\">Kompletter Anlagenbau<\/a><\/h3><\/div><\/div>\t\t\t\t<\/div>\n\t\t\t\t<\/div>\n\t\t\t\t\t<\/div>\n\t\t\t\t<\/div>\n\t\t\t\t<\/div>","protected":false},"excerpt":{"rendered":"<p>Temperature control units for thermal oil, water or molten salt Hot Oil Systems Hot Water Systems Complete Plant Construction<\/p>","protected":false},"author":5,"featured_media":0,"parent":174,"menu_order":0,"comment_status":"closed","ping_status":"closed","template":"","meta":{"site-sidebar-layout":"no-sidebar","site-content-layout":"","ast-site-content-layout":"full-width-container","site-content-style":"default","site-sidebar-style":"default","ast-global-header-display":"","ast-banner-title-visibility":"","ast-main-header-display":"","ast-hfb-above-header-display":"","ast-hfb-below-header-display":"","ast-hfb-mobile-header-display":"","site-post-title":"disabled","ast-breadcrumbs-content":"","ast-featured-img":"disabled","footer-sml-layout":"","ast-disable-related-posts":"","theme-transparent-header-meta":"default","adv-header-id-meta":"","stick-header-meta":"default","header-above-stick-meta":"","header-main-stick-meta":"","header-below-stick-meta":"","astra-migrate-meta-layouts":"set","ast-page-background-enabled":"default","ast-page-background-meta":{"desktop":{"background-color":"var(--ast-global-color-4)","background-image":"","background-repeat":"repeat","background-position":"center center","background-size":"auto","background-attachment":"scroll","background-type":"","background-media":"","overlay-type":"","overlay-color":"","overlay-opacity":"","overlay-gradient":""},"tablet":{"background-color":"","background-image":"","background-repeat":"repeat","background-position":"center center","background-size":"auto","background-attachment":"scroll","background-type":"","background-media":"","overlay-type":"","overlay-color":"","overlay-opacity":"","overlay-gradient":""},"mobile":{"background-color":"","background-image":"","background-repeat":"repeat","background-position":"center center","background-size":"auto","background-attachment":"scroll","background-type":"","background-media":"","overlay-type":"","overlay-color":"","overlay-opacity":"","overlay-gradient":""}},"ast-content-background-meta":{"desktop":{"background-color":"var(--ast-global-color-5)","background-image":"","background-repeat":"repeat","background-position":"center center","background-size":"auto","background-attachment":"scroll","background-type":"","background-media":"","overlay-type":"","overlay-color":"","overlay-opacity":"","overlay-gradient":""},"tablet":{"background-color":"var(--ast-global-color-5)","background-image":"","background-repeat":"repeat","background-position":"center center","background-size":"auto","background-attachment":"scroll","background-type":"","background-media":"","overlay-type":"","overlay-color":"","overlay-opacity":"","overlay-gradient":""},"mobile":{"background-color":"var(--ast-global-color-5)","background-image":"","background-repeat":"repeat","background-position":"center center","background-size":"auto","background-attachment":"scroll","background-type":"","background-media":"","overlay-type":"","overlay-color":"","overlay-opacity":"","overlay-gradient":""}},"footnotes":"","_links_to":"","_links_to_target":""},"class_list":["post-1769","page","type-page","status-publish","hentry"],"_links":{"self":[{"href":"https:\/\/seico.eu\/de\/wp-json\/wp\/v2\/pages\/1769","targetHints":{"allow":["GET"]}}],"collection":[{"href":"https:\/\/seico.eu\/de\/wp-json\/wp\/v2\/pages"}],"about":[{"href":"https:\/\/seico.eu\/de\/wp-json\/wp\/v2\/types\/page"}],"author":[{"embeddable":true,"href":"https:\/\/seico.eu\/de\/wp-json\/wp\/v2\/users\/5"}],"replies":[{"embeddable":true,"href":"https:\/\/seico.eu\/de\/wp-json\/wp\/v2\/comments?post=1769"}],"version-history":[{"count":22,"href":"https:\/\/seico.eu\/de\/wp-json\/wp\/v2\/pages\/1769\/revisions"}],"predecessor-version":[{"id":2168,"href":"https:\/\/seico.eu\/de\/wp-json\/wp\/v2\/pages\/1769\/revisions\/2168"}],"up":[{"embeddable":true,"href":"https:\/\/seico.eu\/de\/wp-json\/wp\/v2\/pages\/174"}],"wp:attachment":[{"href":"https:\/\/seico.eu\/de\/wp-json\/wp\/v2\/media?parent=1769"}],"curies":[{"name":"wp","href":"https:\/\/api.w.org\/{rel}","templated":true}]}}