{"id":179,"date":"2020-10-28T07:15:15","date_gmt":"2020-10-28T07:15:15","guid":{"rendered":"http:\/\/seico-heizungen.com\/?page_id=179"},"modified":"2022-10-13T10:27:27","modified_gmt":"2022-10-13T10:27:27","slug":"terms-and-conditions","status":"publish","type":"page","link":"https:\/\/seico.eu\/de\/terms-and-conditions\/","title":{"rendered":"Impressum"},"content":{"rendered":"<p>[:en]<\/p>\n<h1 class=\"title-1\" style=\"text-align: left; margin-bottom: 50px;\"><strong>Legal Details<\/strong><\/h1>\n<p style=\"text-align: left; margin-bottom: 10px;\"><b>Provider Identification:<\/b><\/p>\n<p style=\"text-align: left;\">SEICO Heizungen GmbH<br \/>\nAn der Autobahn 29<br \/>\n30851 Langenhagen \/ Hannover<br \/>\nGermany<\/p>\n<p style=\"text-align: left; margin-bottom: 30px;\">Tel: + 49 511 969678-0<br \/>\nWebsite: <a href=\"http:\/\/www.seico.eu\/\" target=\"_blank\" rel=\"noopener\">www.seico.eu<\/a><br \/>\nEmail: <a href=\"mailto:info@seico.eu\">info@seico.eu<\/a><\/p>\n<p style=\"text-align: left; margin-bottom: 10px;\"><b>Director:<\/b><\/p>\n<p style=\"text-align: left; margin-bottom: 30px;\">Matthias Klar<\/p>\n<p style=\"text-align: left; margin-bottom: 10px;\"><b>Register Court:<\/b><\/p>\n<p style=\"text-align: left; margin-bottom: 30px;\">Amtsgericht Hannover<\/p>\n<p style=\"text-align: left; margin-bottom: 10px;\"><b>Registration Number:<\/b><\/p>\n<p style=\"text-align: left; margin-bottom: 30px;\">HRB 3983<\/p>\n<p style=\"text-align: left; margin-bottom: 10px;\"><b>Tax Number:<\/b><\/p>\n<p style=\"text-align: left; margin-bottom: 30px;\">27 \/ 200 \/ 00110<\/p>\n<p style=\"text-align: left; margin-bottom: 10px;\"><b>Value added tax identification number:<\/b><\/p>\n<p style=\"text-align: left; margin-bottom: 30px;\">DE 115823578<\/p>\n<p style=\"text-align: left; margin-bottom: 10px;\"><b>Note:<\/b><\/p>\n<p style=\"text-align: left; margin-bottom: 30px;\">The information on this website describes our products and services without obligation and guarantee. Definite information particularly with regard to performance characteristics and qualification for use depend on individual conditions at the usage site and will only be provided upon request.<\/p>\n<p style=\"text-align: left; margin-bottom: 10px;\"><b>Copyright Photos:<\/b><\/p>\n<p style=\"text-align: left; margin-bottom: 30px;\">SEICO Heizungen GmbH, fotolia.de<\/p>\n<p><!-- \n\n\n<p style=\"text-align: left; margin-bottom: 10px;\"><b>Realisierung:<\/b><\/p>\n\n\n\n\n<p style=\"text-align: left; margin-bottom: 30px;\">Die Website wurde mit der aktuellsten Version des lizenzfreien TYPO3 Content Management Systems realisiert. Das Redaktionssystem wurde durch die Entwicklung von eigenen Modulen bzw. Extensions erweitert und individualisiert.<\/p>\n\n\n --><\/p>\n<p>&nbsp;<\/p>\n<p><!-- \n\n\n<p style=\"text-align: left;\">wendweb GmbH: <a href=\"https:\/\/www.wendweb.de\/\" target=\"_blank\" rel=\"noopener\">Webdesign Agentur<\/a>; Werftstra\u00dfe 17, 30163 Hannover<\/p>\n\n\n -->[:de]<\/p>\n<h1 class=\"title-1\" style=\"text-align: left; margin-bottom: 50px;\"><strong>Rechtliche Hinweise<\/strong><\/h1>\n<p style=\"text-align: left; margin-bottom: 10px;\"><b>Anbieterkennzeichung:<\/b><\/p>\n<p style=\"text-align: left;\">SEICO Heizungen GmbH<br \/>\nAn der Autobahn 29<br \/>\n30851 Langenhagen \/ Hannover<br \/>\nGermany<\/p>\n<p style=\"text-align: left; margin-bottom: 30px;\">Tel: + 49 511 969678-0<br \/>\nWebsite: <a href=\"http:\/\/www.seico.eu\/\" target=\"_blank\" rel=\"noopener\">www.seico.eu<\/a><br \/>\nEmail: <a href=\"mailto:info@seico.eu\">info@seico.eu<\/a><\/p>\n<p style=\"text-align: left; margin-bottom: 10px;\"><b>Gesch\u00e4ftsf\u00fchrung:<\/b><\/p>\n<p style=\"text-align: left; margin-bottom: 30px;\">Matthias Klar<\/p>\n<p style=\"text-align: left; margin-bottom: 10px;\"><b>Registergericht:<\/b><\/p>\n<p style=\"text-align: left; margin-bottom: 30px;\">Amtsgericht Hannover<\/p>\n<p style=\"text-align: left; margin-bottom: 10px;\"><b>Registernummer:<\/b><\/p>\n<p style=\"text-align: left; margin-bottom: 30px;\">HRB 3983<\/p>\n<p style=\"text-align: left; margin-bottom: 10px;\"><b>Steuernummer:<\/b><\/p>\n<p style=\"text-align: left; margin-bottom: 30px;\">27 \/ 200 \/ 00110<\/p>\n<p style=\"text-align: left; margin-bottom: 10px;\"><b>Umsatzsteuer-Identifikationsnummer:<\/b><\/p>\n<p style=\"text-align: left; margin-bottom: 30px;\">DE 115823578<\/p>\n<p style=\"text-align: left; margin-bottom: 10px;\"><b>Hinweis:<\/b><\/p>\n<p style=\"text-align: left; margin-bottom: 30px;\">Die auf dieser Website enthaltenen Angaben dienen lediglich der unverbindlichen Beschreibung unserer Produkte und Dienstleistungen und erfolgen ohne Gew\u00e4hr. Verbindliche Angaben, insbesondere zu Leistungsdaten und Eignungen zu bestimmten Einsatzzwecken, h\u00e4ngen von individuellen Gegebenheiten am Einsatzort ab und k\u00f6nnen daher nur im Rahmen konkreter Anfragen gemacht werden.<\/p>\n<p style=\"text-align: left; margin-bottom: 10px;\"><b>Copyright Fotos:<\/b><\/p>\n<p style=\"text-align: left; margin-bottom: 30px;\">SEICO Heizungen GmbH, fotolia.de<\/p>\n<p style=\"text-align: left; margin-bottom: 10px;\"><b>Realisierung:<\/b><\/p>\n<p style=\"text-align: left; margin-bottom: 30px;\">Die Website wurde mit der aktuellsten Version des lizenzfreien TYPO3 Content Management Systems realisiert. Das Redaktionssystem wurde durch die Entwicklung von eigenen Modulen bzw. Extensions erweitert und individualisiert.<\/p>\n<p style=\"text-align: left;\">wendweb GmbH: <a href=\"https:\/\/www.wendweb.de\/\" target=\"_blank\" rel=\"noopener\">Webdesign Agentur<\/a>; Werftstra\u00dfe 17, 30163 Hannover<\/p>\n<p>[:]<\/p>\n","protected":false},"excerpt":{"rendered":"<p>[:en] Legal Details Provider Identification: SEICO Heizungen GmbH An der Autobahn 29 30851 Langenhagen \/ Hannover Germany Tel: + 49 [&hellip;]<\/p>\n","protected":false},"author":5,"featured_media":0,"parent":0,"menu_order":0,"comment_status":"closed","ping_status":"closed","template":"","meta":{"site-sidebar-layout":"default","site-content-layout":"","ast-site-content-layout":"default","site-content-style":"default","site-sidebar-style":"default","ast-global-header-display":"","ast-banner-title-visibility":"","ast-main-header-display":"","ast-hfb-above-header-display":"","ast-hfb-below-header-display":"","ast-hfb-mobile-header-display":"","site-post-title":"","ast-breadcrumbs-content":"","ast-featured-img":"","footer-sml-layout":"","ast-disable-related-posts":"","theme-transparent-header-meta":"","adv-header-id-meta":"","stick-header-meta":"","header-above-stick-meta":"","header-main-stick-meta":"","header-below-stick-meta":"","astra-migrate-meta-layouts":"default","ast-page-background-enabled":"default","ast-page-background-meta":{"desktop":{"background-color":"var(--ast-global-color-4)","background-image":"","background-repeat":"repeat","background-position":"center center","background-size":"auto","background-attachment":"scroll","background-type":"","background-media":"","overlay-type":"","overlay-color":"","overlay-opacity":"","overlay-gradient":""},"tablet":{"background-color":"","background-image":"","background-repeat":"repeat","background-position":"center center","background-size":"auto","background-attachment":"scroll","background-type":"","background-media":"","overlay-type":"","overlay-color":"","overlay-opacity":"","overlay-gradient":""},"mobile":{"background-color":"","background-image":"","background-repeat":"repeat","background-position":"center center","background-size":"auto","background-attachment":"scroll","background-type":"","background-media":"","overlay-type":"","overlay-color":"","overlay-opacity":"","overlay-gradient":""}},"ast-content-background-meta":{"desktop":{"background-color":"var(--ast-global-color-5)","background-image":"","background-repeat":"repeat","background-position":"center center","background-size":"auto","background-attachment":"scroll","background-type":"","background-media":"","overlay-type":"","overlay-color":"","overlay-opacity":"","overlay-gradient":""},"tablet":{"background-color":"var(--ast-global-color-5)","background-image":"","background-repeat":"repeat","background-position":"center center","background-size":"auto","background-attachment":"scroll","background-type":"","background-media":"","overlay-type":"","overlay-color":"","overlay-opacity":"","overlay-gradient":""},"mobile":{"background-color":"var(--ast-global-color-5)","background-image":"","background-repeat":"repeat","background-position":"center center","background-size":"auto","background-attachment":"scroll","background-type":"","background-media":"","overlay-type":"","overlay-color":"","overlay-opacity":"","overlay-gradient":""}},"footnotes":"","_links_to":"","_links_to_target":""},"class_list":["post-179","page","type-page","status-publish","hentry"],"_links":{"self":[{"href":"https:\/\/seico.eu\/de\/wp-json\/wp\/v2\/pages\/179","targetHints":{"allow":["GET"]}}],"collection":[{"href":"https:\/\/seico.eu\/de\/wp-json\/wp\/v2\/pages"}],"about":[{"href":"https:\/\/seico.eu\/de\/wp-json\/wp\/v2\/types\/page"}],"author":[{"embeddable":true,"href":"https:\/\/seico.eu\/de\/wp-json\/wp\/v2\/users\/5"}],"replies":[{"embeddable":true,"href":"https:\/\/seico.eu\/de\/wp-json\/wp\/v2\/comments?post=179"}],"version-history":[{"count":14,"href":"https:\/\/seico.eu\/de\/wp-json\/wp\/v2\/pages\/179\/revisions"}],"predecessor-version":[{"id":1355,"href":"https:\/\/seico.eu\/de\/wp-json\/wp\/v2\/pages\/179\/revisions\/1355"}],"wp:attachment":[{"href":"https:\/\/seico.eu\/de\/wp-json\/wp\/v2\/media?parent=179"}],"curies":[{"name":"wp","href":"https:\/\/api.w.org\/{rel}","templated":true}]}}