{"id":2032,"date":"2025-08-20T18:42:07","date_gmt":"2025-08-20T18:42:07","guid":{"rendered":"https:\/\/seico.eu\/?page_id=2032"},"modified":"2025-08-29T09:43:20","modified_gmt":"2025-08-29T09:43:20","slug":"convection-heaters","status":"publish","type":"page","link":"https:\/\/seico.eu\/de\/products\/convection-heaters\/","title":{"rendered":"Lufterhitzer"},"content":{"rendered":"<div data-elementor-type=\"wp-page\" data-elementor-id=\"2032\" class=\"elementor elementor-2032\">\n\t\t\t\t<div class=\"elementor-element elementor-element-abfad4e e-flex e-con-boxed e-con e-parent\" data-id=\"abfad4e\" data-element_type=\"container\" data-e-type=\"container\">\n\t\t\t\t\t<div class=\"e-con-inner\">\n\t\t\t\t<div class=\"elementor-element elementor-element-f0dc11b elementor-widget elementor-widget-heading\" data-id=\"f0dc11b\" data-element_type=\"widget\" data-e-type=\"widget\" data-widget_type=\"heading.default\">\n\t\t\t\t<div class=\"elementor-widget-container\">\n\t\t\t\t\t<h2 class=\"elementor-heading-title elementor-size-default\">Lufterhitzer<\/h2>\t\t\t\t<\/div>\n\t\t\t\t<\/div>\n\t\t\t\t\t<\/div>\n\t\t\t\t<\/div>\n\t\t<div class=\"elementor-element elementor-element-263fbbb e-grid products-gallery e-con-boxed e-con e-parent\" data-id=\"263fbbb\" data-element_type=\"container\" data-e-type=\"container\">\n\t\t\t\t\t<div class=\"e-con-inner\">\n\t\t\t\t<div class=\"elementor-element elementor-element-8871b82 elementor-position-top elementor-widget elementor-widget-image-box\" data-id=\"8871b82\" data-element_type=\"widget\" data-e-type=\"widget\" data-widget_type=\"image-box.default\">\n\t\t\t\t<div class=\"elementor-widget-container\">\n\t\t\t\t\t<div class=\"elementor-image-box-wrapper\"><figure class=\"elementor-image-box-img\"><a href=\"https:\/\/seico.eu\/de\/products\/convection-heaters\/flr-flameproof-liquid-filled-radiators\/\" tabindex=\"-1\"><img fetchpriority=\"high\" decoding=\"async\" width=\"250\" height=\"260\" src=\"https:\/\/seico.eu\/wp-content\/uploads\/2021\/07\/convection-flr-blockfeat.png\" class=\"elementor-animation-grow attachment-medium size-medium wp-image-775\" alt=\"\" \/><\/a><\/figure><div class=\"elementor-image-box-content\"><h3 class=\"elementor-image-box-title\"><a href=\"https:\/\/seico.eu\/de\/products\/convection-heaters\/flr-flameproof-liquid-filled-radiators\/\">FLR Fl\u00fcssigkeitsgef\u00fcllter Raumheizk\u00f6rper<\/a><\/h3><\/div><\/div>\t\t\t\t<\/div>\n\t\t\t\t<\/div>\n\t\t\t\t<div class=\"elementor-element elementor-element-1dc38d6 elementor-position-top elementor-widget elementor-widget-image-box\" data-id=\"1dc38d6\" data-element_type=\"widget\" data-e-type=\"widget\" data-widget_type=\"image-box.default\">\n\t\t\t\t<div class=\"elementor-widget-container\">\n\t\t\t\t\t<div class=\"elementor-image-box-wrapper\"><figure class=\"elementor-image-box-img\"><a href=\"https:\/\/seico.eu\/de\/products\/convection-heaters\/stw-industrial-convector-heaters\/\" tabindex=\"-1\"><img decoding=\"async\" width=\"300\" height=\"240\" src=\"https:\/\/seico.eu\/wp-content\/uploads\/2020\/11\/image060-300x240.png\" class=\"elementor-animation-grow attachment-medium size-medium wp-image-463\" alt=\"\" srcset=\"https:\/\/seico.eu\/wp-content\/uploads\/2020\/11\/image060-300x240.png 300w, https:\/\/seico.eu\/wp-content\/uploads\/2020\/11\/image060.png 321w\" sizes=\"(max-width: 300px) 100vw, 300px\" \/><\/a><\/figure><div class=\"elementor-image-box-content\"><h3 class=\"elementor-image-box-title\"><a href=\"https:\/\/seico.eu\/de\/products\/convection-heaters\/stw-industrial-convector-heaters\/\">STW Industrieller Raumheizk\u00f6rper<\/a><\/h3><\/div><\/div>\t\t\t\t<\/div>\n\t\t\t\t<\/div>\n\t\t\t\t<div class=\"elementor-element elementor-element-a6d8715 elementor-position-top elementor-widget elementor-widget-image-box\" data-id=\"a6d8715\" data-element_type=\"widget\" data-e-type=\"widget\" data-widget_type=\"image-box.default\">\n\t\t\t\t<div class=\"elementor-widget-container\">\n\t\t\t\t\t<div class=\"elementor-image-box-wrapper\"><figure class=\"elementor-image-box-img\"><a href=\"https:\/\/seico.eu\/de\/products\/convection-heaters\/hef-hazardous-area-enclosure-cabinet-heaters\/\" tabindex=\"-1\"><img decoding=\"async\" width=\"300\" height=\"148\" src=\"https:\/\/seico.eu\/wp-content\/uploads\/2020\/11\/image059-300x148.png\" class=\"elementor-animation-grow attachment-medium size-medium wp-image-462\" alt=\"\" srcset=\"https:\/\/seico.eu\/wp-content\/uploads\/2020\/11\/image059-300x148.png 300w, https:\/\/seico.eu\/wp-content\/uploads\/2020\/11\/image059.png 394w\" sizes=\"(max-width: 300px) 100vw, 300px\" \/><\/a><\/figure><div class=\"elementor-image-box-content\"><h3 class=\"elementor-image-box-title\"><a href=\"https:\/\/seico.eu\/de\/products\/convection-heaters\/hef-hazardous-area-enclosure-cabinet-heaters\/\">HEF Geh\u00e4useheizung<\/a><\/h3><\/div><\/div>\t\t\t\t<\/div>\n\t\t\t\t<\/div>\n\t\t\t\t<div class=\"elementor-element elementor-element-053beca elementor-position-top elementor-widget elementor-widget-image-box\" data-id=\"053beca\" data-element_type=\"widget\" data-e-type=\"widget\" data-widget_type=\"image-box.default\">\n\t\t\t\t<div class=\"elementor-widget-container\">\n\t\t\t\t\t<div class=\"elementor-image-box-wrapper\"><figure class=\"elementor-image-box-img\"><a href=\"https:\/\/seico.eu\/de\/products\/convection-heaters\/fxe-enclosure-cabinet-heaters\/\" tabindex=\"-1\"><img loading=\"lazy\" decoding=\"async\" width=\"250\" height=\"260\" src=\"https:\/\/seico.eu\/wp-content\/uploads\/2021\/07\/convection-fxe-blockfeat.png\" class=\"elementor-animation-grow attachment-medium size-medium wp-image-779\" alt=\"\" \/><\/a><\/figure><div class=\"elementor-image-box-content\"><h3 class=\"elementor-image-box-title\"><a href=\"https:\/\/seico.eu\/de\/products\/convection-heaters\/fxe-enclosure-cabinet-heaters\/\">FXE Kompakt-Geh\u00e4use- \/ Schrankheizung<\/a><\/h3><\/div><\/div>\t\t\t\t<\/div>\n\t\t\t\t<\/div>\n\t\t\t\t<div class=\"elementor-element elementor-element-b6bf26d elementor-position-top elementor-widget elementor-widget-image-box\" data-id=\"b6bf26d\" data-element_type=\"widget\" data-e-type=\"widget\" data-widget_type=\"image-box.default\">\n\t\t\t\t<div class=\"elementor-widget-container\">\n\t\t\t\t\t<div class=\"elementor-image-box-wrapper\"><figure class=\"elementor-image-box-img\"><a href=\"https:\/\/seico.eu\/de\/products\/convection-heaters\/fx-enclosure-cabinet-heaters\/\" tabindex=\"-1\"><img loading=\"lazy\" decoding=\"async\" width=\"187\" height=\"257\" src=\"https:\/\/seico.eu\/wp-content\/uploads\/2020\/11\/image053.png\" class=\"elementor-animation-grow attachment-medium size-medium wp-image-460\" alt=\"\" \/><\/a><\/figure><div class=\"elementor-image-box-content\"><h3 class=\"elementor-image-box-title\"><a href=\"https:\/\/seico.eu\/de\/products\/convection-heaters\/fx-enclosure-cabinet-heaters\/\">FX Kompakt-Geh\u00e4use- \/ Schrankheizung<\/a><\/h3><\/div><\/div>\t\t\t\t<\/div>\n\t\t\t\t<\/div>\n\t\t\t\t<div class=\"elementor-element elementor-element-e3d6b6e elementor-position-top elementor-widget elementor-widget-image-box\" data-id=\"e3d6b6e\" data-element_type=\"widget\" data-e-type=\"widget\" data-widget_type=\"image-box.default\">\n\t\t\t\t<div class=\"elementor-widget-container\">\n\t\t\t\t\t<div class=\"elementor-image-box-wrapper\"><figure class=\"elementor-image-box-img\"><a href=\"https:\/\/seico.eu\/de\/products\/convection-heaters\/fwd-t-flameproof-adjustable-air-warmer\/\" tabindex=\"-1\"><img loading=\"lazy\" decoding=\"async\" width=\"300\" height=\"225\" src=\"https:\/\/seico.eu\/wp-content\/uploads\/2020\/11\/image052-300x225.png\" class=\"elementor-animation-grow attachment-medium size-medium wp-image-459\" alt=\"\" srcset=\"https:\/\/seico.eu\/wp-content\/uploads\/2020\/11\/image052-300x225.png 300w, https:\/\/seico.eu\/wp-content\/uploads\/2020\/11\/image052.png 343w\" sizes=\"(max-width: 300px) 100vw, 300px\" \/><\/a><\/figure><div class=\"elementor-image-box-content\"><h3 class=\"elementor-image-box-title\"><a href=\"https:\/\/seico.eu\/de\/products\/convection-heaters\/fwd-t-flameproof-adjustable-air-warmer\/\">FWD-T Einstellbarer Raumheizk\u00f6rper<\/a><\/h3><\/div><\/div>\t\t\t\t<\/div>\n\t\t\t\t<\/div>\n\t\t\t\t<div class=\"elementor-element elementor-element-c9dbd97 elementor-position-top elementor-widget elementor-widget-image-box\" data-id=\"c9dbd97\" data-element_type=\"widget\" data-e-type=\"widget\" data-widget_type=\"image-box.default\">\n\t\t\t\t<div class=\"elementor-widget-container\">\n\t\t\t\t\t<div class=\"elementor-image-box-wrapper\"><figure class=\"elementor-image-box-img\"><a href=\"https:\/\/seico.eu\/de\/products\/convection-heaters\/fwd-flameproof-air-warmers\/\" tabindex=\"-1\"><img loading=\"lazy\" decoding=\"async\" width=\"300\" height=\"177\" src=\"https:\/\/seico.eu\/wp-content\/uploads\/2020\/11\/image051-300x177.png\" class=\"elementor-animation-grow attachment-medium size-medium wp-image-458\" alt=\"\" srcset=\"https:\/\/seico.eu\/wp-content\/uploads\/2020\/11\/image051-300x177.png 300w, https:\/\/seico.eu\/wp-content\/uploads\/2020\/11\/image051.png 394w\" sizes=\"(max-width: 300px) 100vw, 300px\" \/><\/a><\/figure><div class=\"elementor-image-box-content\"><h3 class=\"elementor-image-box-title\"><a href=\"https:\/\/seico.eu\/de\/products\/convection-heaters\/fwd-flameproof-air-warmers\/\">FWD Raumheizk\u00f6rper<\/a><\/h3><\/div><\/div>\t\t\t\t<\/div>\n\t\t\t\t<\/div>\n\t\t\t\t<div class=\"elementor-element elementor-element-acdb115 elementor-position-top elementor-widget elementor-widget-image-box\" data-id=\"acdb115\" data-element_type=\"widget\" data-e-type=\"widget\" data-widget_type=\"image-box.default\">\n\t\t\t\t<div class=\"elementor-widget-container\">\n\t\t\t\t\t<div class=\"elementor-image-box-wrapper\"><figure class=\"elementor-image-box-img\"><a href=\"https:\/\/seico.eu\/de\/products\/convection-heaters\/fcr-hazardous-area-convector-heaters\/\" tabindex=\"-1\"><img loading=\"lazy\" decoding=\"async\" width=\"248\" height=\"257\" src=\"https:\/\/seico.eu\/wp-content\/uploads\/2020\/11\/image048.png\" class=\"elementor-animation-grow attachment-medium size-medium wp-image-456\" alt=\"\" \/><\/a><\/figure><div class=\"elementor-image-box-content\"><h3 class=\"elementor-image-box-title\"><a href=\"https:\/\/seico.eu\/de\/products\/convection-heaters\/fcr-hazardous-area-convector-heaters\/\">FCR Raumheizk\u00f6rper<\/a><\/h3><\/div><\/div>\t\t\t\t<\/div>\n\t\t\t\t<\/div>\n\t\t\t\t<div class=\"elementor-element elementor-element-bfe17ca elementor-position-top elementor-widget elementor-widget-image-box\" data-id=\"bfe17ca\" data-element_type=\"widget\" data-e-type=\"widget\" data-widget_type=\"image-box.default\">\n\t\t\t\t<div class=\"elementor-widget-container\">\n\t\t\t\t\t<div class=\"elementor-image-box-wrapper\"><figure class=\"elementor-image-box-img\"><a href=\"https:\/\/seico.eu\/de\/products\/convection-heaters\/faw-hazardous-area-air-warmers\/\" tabindex=\"-1\"><img loading=\"lazy\" decoding=\"async\" width=\"250\" height=\"250\" src=\"https:\/\/seico.eu\/wp-content\/uploads\/2020\/11\/convection-faw-blocksmall.jpg\" class=\"elementor-animation-grow attachment-medium size-medium wp-image-1372\" alt=\"\" srcset=\"https:\/\/seico.eu\/wp-content\/uploads\/2020\/11\/convection-faw-blocksmall.jpg 250w, https:\/\/seico.eu\/wp-content\/uploads\/2020\/11\/convection-faw-blocksmall-150x150.jpg 150w\" sizes=\"(max-width: 250px) 100vw, 250px\" \/><\/a><\/figure><div class=\"elementor-image-box-content\"><h3 class=\"elementor-image-box-title\"><a href=\"https:\/\/seico.eu\/de\/products\/convection-heaters\/faw-hazardous-area-air-warmers\/\">FAW Raumheizk\u00f6rper<\/a><\/h3><\/div><\/div>\t\t\t\t<\/div>\n\t\t\t\t<\/div>\n\t\t\t\t\t<\/div>\n\t\t\t\t<\/div>\n\t\t<div class=\"elementor-element elementor-element-b267e9f e-flex e-con-boxed e-con e-parent\" data-id=\"b267e9f\" data-element_type=\"container\" data-e-type=\"container\">\n\t\t\t\t\t<div class=\"e-con-inner\">\n\t\t\t\t<div class=\"elementor-element elementor-element-1acc049 elementor-widget elementor-widget-spacer\" data-id=\"1acc049\" data-element_type=\"widget\" data-e-type=\"widget\" data-widget_type=\"spacer.default\">\n\t\t\t\t<div class=\"elementor-widget-container\">\n\t\t\t\t\t\t\t<div class=\"elementor-spacer\">\n\t\t\t<div class=\"elementor-spacer-inner\"><\/div>\n\t\t<\/div>\n\t\t\t\t\t\t<\/div>\n\t\t\t\t<\/div>\n\t\t\t\t\t<\/div>\n\t\t\t\t<\/div>\n\t\t\t\t<\/div>","protected":false},"excerpt":{"rendered":"<p>Convection Heaters FLR Flameproof Liquid Filled Radiators STW Industrial Convector Heaters HEF Hazardous Area Enclosure\/Cabinet Heaters FXE Enclosure\/Cabinet Heaters FX [&hellip;]<\/p>\n","protected":false},"author":8,"featured_media":0,"parent":174,"menu_order":0,"comment_status":"closed","ping_status":"closed","template":"","meta":{"site-sidebar-layout":"no-sidebar","site-content-layout":"","ast-site-content-layout":"full-width-container","site-content-style":"default","site-sidebar-style":"default","ast-global-header-display":"","ast-banner-title-visibility":"","ast-main-header-display":"","ast-hfb-above-header-display":"","ast-hfb-below-header-display":"","ast-hfb-mobile-header-display":"","site-post-title":"disabled","ast-breadcrumbs-content":"","ast-featured-img":"disabled","footer-sml-layout":"","ast-disable-related-posts":"","theme-transparent-header-meta":"default","adv-header-id-meta":"","stick-header-meta":"default","header-above-stick-meta":"","header-main-stick-meta":"","header-below-stick-meta":"","astra-migrate-meta-layouts":"set","ast-page-background-enabled":"default","ast-page-background-meta":{"desktop":{"background-color":"var(--ast-global-color-4)","background-image":"","background-repeat":"repeat","background-position":"center center","background-size":"auto","background-attachment":"scroll","background-type":"","background-media":"","overlay-type":"","overlay-color":"","overlay-opacity":"","overlay-gradient":""},"tablet":{"background-color":"","background-image":"","background-repeat":"repeat","background-position":"center center","background-size":"auto","background-attachment":"scroll","background-type":"","background-media":"","overlay-type":"","overlay-color":"","overlay-opacity":"","overlay-gradient":""},"mobile":{"background-color":"","background-image":"","background-repeat":"repeat","background-position":"center center","background-size":"auto","background-attachment":"scroll","background-type":"","background-media":"","overlay-type":"","overlay-color":"","overlay-opacity":"","overlay-gradient":""}},"ast-content-background-meta":{"desktop":{"background-color":"var(--ast-global-color-5)","background-image":"","background-repeat":"repeat","background-position":"center center","background-size":"auto","background-attachment":"scroll","background-type":"","background-media":"","overlay-type":"","overlay-color":"","overlay-opacity":"","overlay-gradient":""},"tablet":{"background-color":"var(--ast-global-color-5)","background-image":"","background-repeat":"repeat","background-position":"center center","background-size":"auto","background-attachment":"scroll","background-type":"","background-media":"","overlay-type":"","overlay-color":"","overlay-opacity":"","overlay-gradient":""},"mobile":{"background-color":"var(--ast-global-color-5)","background-image":"","background-repeat":"repeat","background-position":"center center","background-size":"auto","background-attachment":"scroll","background-type":"","background-media":"","overlay-type":"","overlay-color":"","overlay-opacity":"","overlay-gradient":""}},"footnotes":"","_links_to":"","_links_to_target":""},"class_list":["post-2032","page","type-page","status-publish","hentry"],"_links":{"self":[{"href":"https:\/\/seico.eu\/de\/wp-json\/wp\/v2\/pages\/2032","targetHints":{"allow":["GET"]}}],"collection":[{"href":"https:\/\/seico.eu\/de\/wp-json\/wp\/v2\/pages"}],"about":[{"href":"https:\/\/seico.eu\/de\/wp-json\/wp\/v2\/types\/page"}],"author":[{"embeddable":true,"href":"https:\/\/seico.eu\/de\/wp-json\/wp\/v2\/users\/8"}],"replies":[{"embeddable":true,"href":"https:\/\/seico.eu\/de\/wp-json\/wp\/v2\/comments?post=2032"}],"version-history":[{"count":14,"href":"https:\/\/seico.eu\/de\/wp-json\/wp\/v2\/pages\/2032\/revisions"}],"predecessor-version":[{"id":2523,"href":"https:\/\/seico.eu\/de\/wp-json\/wp\/v2\/pages\/2032\/revisions\/2523"}],"up":[{"embeddable":true,"href":"https:\/\/seico.eu\/de\/wp-json\/wp\/v2\/pages\/174"}],"wp:attachment":[{"href":"https:\/\/seico.eu\/de\/wp-json\/wp\/v2\/media?parent=2032"}],"curies":[{"name":"wp","href":"https:\/\/api.w.org\/{rel}","templated":true}]}}