{"id":2161,"date":"2025-08-22T09:35:00","date_gmt":"2025-08-22T09:35:00","guid":{"rendered":"https:\/\/seico.eu\/?page_id=2161"},"modified":"2025-08-23T08:13:51","modified_gmt":"2025-08-23T08:13:51","slug":"complete-plant-construction","status":"publish","type":"page","link":"https:\/\/seico.eu\/de\/products\/temperature-control-units-for-thermal-oil-water-or-molten-salt\/complete-plant-construction\/","title":{"rendered":"Kompletter Anlagenbau"},"content":{"rendered":"<div data-elementor-type=\"wp-page\" data-elementor-id=\"2161\" class=\"elementor elementor-2161\">\n\t\t\t\t<div class=\"elementor-element elementor-element-38a9cd2 e-flex e-con-boxed e-con e-parent\" data-id=\"38a9cd2\" data-element_type=\"container\" data-e-type=\"container\">\n\t\t\t\t\t<div class=\"e-con-inner\">\n\t\t\t\t<div class=\"elementor-element elementor-element-1e3ecc3 elementor-widget elementor-widget-heading\" data-id=\"1e3ecc3\" data-element_type=\"widget\" data-e-type=\"widget\" data-widget_type=\"heading.default\">\n\t\t\t\t<div class=\"elementor-widget-container\">\n\t\t\t\t\t<h2 class=\"elementor-heading-title elementor-size-default\">Kompletter Anlagenbau<\/h2>\t\t\t\t<\/div>\n\t\t\t\t<\/div>\n\t\t\t\t\t<\/div>\n\t\t\t\t<\/div>\n\t\t<div class=\"elementor-element elementor-element-190358b e-flex e-con-boxed e-con e-parent\" data-id=\"190358b\" data-element_type=\"container\" data-e-type=\"container\">\n\t\t\t\t\t<div class=\"e-con-inner\">\n\t\t<div class=\"elementor-element elementor-element-9ea97b7 e-con-full e-flex e-con e-child\" data-id=\"9ea97b7\" data-element_type=\"container\" data-e-type=\"container\">\n\t\t\t\t<div class=\"elementor-element elementor-element-7a53997 elementor-widget elementor-widget-image\" data-id=\"7a53997\" data-element_type=\"widget\" data-e-type=\"widget\" data-widget_type=\"image.default\">\n\t\t\t\t<div class=\"elementor-widget-container\">\n\t\t\t\t\t\t\t\t\t\t\t\t\t\t\t<img fetchpriority=\"high\" decoding=\"async\" width=\"600\" height=\"600\" src=\"https:\/\/seico.eu\/wp-content\/uploads\/2021\/07\/systems-skids-blockbig.png\" class=\"attachment-large size-large wp-image-768\" alt=\"\" srcset=\"https:\/\/seico.eu\/wp-content\/uploads\/2021\/07\/systems-skids-blockbig.png 600w, https:\/\/seico.eu\/wp-content\/uploads\/2021\/07\/systems-skids-blockbig-300x300.png 300w, https:\/\/seico.eu\/wp-content\/uploads\/2021\/07\/systems-skids-blockbig-150x150.png 150w\" sizes=\"(max-width: 600px) 100vw, 600px\" \/>\t\t\t\t\t\t\t\t\t\t\t\t\t\t\t<\/div>\n\t\t\t\t<\/div>\n\t\t\t\t<\/div>\n\t\t<div class=\"elementor-element elementor-element-60441f3 e-con-full e-flex e-con e-child\" data-id=\"60441f3\" data-element_type=\"container\" data-e-type=\"container\">\n\t\t\t\t<div class=\"elementor-element elementor-element-7606010 elementor-widget elementor-widget-text-editor\" data-id=\"7606010\" data-element_type=\"widget\" data-e-type=\"widget\" data-widget_type=\"text-editor.default\">\n\t\t\t\t<div class=\"elementor-widget-container\">\n\t\t\t\t\t\t\t\t\t<p>SEICO ist ein Anbieter integrierter L\u00f6sungen, der mechanische, elektrische und elektronische Montagekapazit\u00e4ten innerhalb desselben Gesch\u00e4ftsbereichs umfasst. Wir haben eine breite Produktpalette zu bieten und profilieren uns als kundenspezifischer L\u00f6sungsanbieter mit Inbetriebnahme vor Ort und After Sales Service.<\/p>\t\t\t\t\t\t\t\t<\/div>\n\t\t\t\t<\/div>\n\t\t\t\t<div class=\"elementor-element elementor-element-7633f2b elementor-widget elementor-widget-button\" data-id=\"7633f2b\" data-element_type=\"widget\" data-e-type=\"widget\" data-widget_type=\"button.default\">\n\t\t\t\t<div class=\"elementor-widget-container\">\n\t\t\t\t\t\t\t\t\t<div class=\"elementor-button-wrapper\">\n\t\t\t\t\t<a class=\"elementor-button elementor-button-link elementor-size-sm\" href=\"https:\/\/seico.eu\/de\/contact-us\/\">\n\t\t\t\t\t\t<span class=\"elementor-button-content-wrapper\">\n\t\t\t\t\t\t\t\t\t<span class=\"elementor-button-text\">PRODUKT DIREKT ANFRAGEN<\/span>\n\t\t\t\t\t<\/span>\n\t\t\t\t\t<\/a>\n\t\t\t\t<\/div>\n\t\t\t\t\t\t\t\t<\/div>\n\t\t\t\t<\/div>\n\t\t\t\t<\/div>\n\t\t\t\t\t<\/div>\n\t\t\t\t<\/div>\n\t\t<div class=\"elementor-element elementor-element-93184e2 show-en e-flex e-con-boxed e-con e-parent\" data-id=\"93184e2\" data-element_type=\"container\" data-e-type=\"container\">\n\t\t\t\t\t<div class=\"e-con-inner\">\n\t\t\t\t<div class=\"elementor-element elementor-element-2c188f7 elementor-widget elementor-widget-n-accordion\" data-id=\"2c188f7\" data-element_type=\"widget\" data-e-type=\"widget\" data-settings=\"{&quot;default_state&quot;:&quot;expanded&quot;,&quot;max_items_expended&quot;:&quot;one&quot;,&quot;n_accordion_animation_duration&quot;:{&quot;unit&quot;:&quot;ms&quot;,&quot;size&quot;:400,&quot;sizes&quot;:[]}}\" data-widget_type=\"nested-accordion.default\">\n\t\t\t\t<div class=\"elementor-widget-container\">\n\t\t\t\t\t\t\t<div class=\"e-n-accordion\" aria-label=\"Accordion. Open links with Enter or Space, close with Escape, and navigate with Arrow Keys\">\n\t\t\t\t\t\t<details id=\"e-n-accordion-item-4620\" class=\"e-n-accordion-item\" open>\n\t\t\t\t<summary class=\"e-n-accordion-item-title\" data-accordion-index=\"1\" tabindex=\"0\" aria-expanded=\"true\" aria-controls=\"e-n-accordion-item-4620\" >\n\t\t\t\t\t<span class='e-n-accordion-item-title-header'><div class=\"e-n-accordion-item-title-text\"> DESCRIPTION <\/div><\/span>\n\t\t\t\t\t\t\t<span class='e-n-accordion-item-title-icon'>\n\t\t\t<span class='e-opened' ><svg aria-hidden=\"true\" class=\"e-font-icon-svg e-fas-minus\" viewbox=\"0 0 448 512\" xmlns=\"http:\/\/www.w3.org\/2000\/svg\"><path d=\"M416 208H32c-17.67 0-32 14.33-32 32v32c0 17.67 14.33 32 32 32h384c17.67 0 32-14.33 32-32v-32c0-17.67-14.33-32-32-32z\"><\/path><\/svg><\/span>\n\t\t\t<span class='e-closed'><svg aria-hidden=\"true\" class=\"e-font-icon-svg e-fas-plus\" viewbox=\"0 0 448 512\" xmlns=\"http:\/\/www.w3.org\/2000\/svg\"><path d=\"M416 208H272V64c0-17.67-14.33-32-32-32h-32c-17.67 0-32 14.33-32 32v144H32c-17.67 0-32 14.33-32 32v32c0 17.67 14.33 32 32 32h144v144c0 17.67 14.33 32 32 32h32c17.67 0 32-14.33 32-32V304h144c17.67 0 32-14.33 32-32v-32c0-17.67-14.33-32-32-32z\"><\/path><\/svg><\/span>\n\t\t<\/span>\n\n\t\t\t\t\t\t<\/summary>\n\t\t\t\t<div role=\"region\" aria-labelledby=\"e-n-accordion-item-4620\" class=\"elementor-element elementor-element-1682220 e-con-full e-flex e-con e-child\" data-id=\"1682220\" data-element_type=\"container\" data-e-type=\"container\">\n\t\t\t\t<div class=\"elementor-element elementor-element-d854738 show-en elementor-widget elementor-widget-text-editor\" data-id=\"d854738\" data-element_type=\"widget\" data-e-type=\"widget\" data-widget_type=\"text-editor.default\">\n\t\t\t\t<div class=\"elementor-widget-container\">\n\t\t\t\t\t\t\t\t\t<p>SEICO ist ein Anbieter integrierter L\u00f6sungen, der mechanische, elektrische und elektronische Montagekapazit\u00e4ten innerhalb desselben Gesch\u00e4ftsbereichs umfasst. Wir haben eine breite Produktpalette zu bieten und profilieren uns als kundenspezifischer L\u00f6sungsanbieter mit Inbetriebnahme vor Ort und After Sales Service.<\/p>\n<p>SEICO engineered turnkey heating systems include <strong>Electric Steam Generation systems<\/strong>, <strong>Electric Hot Water systems<\/strong> and <strong>Electric Hot Oil systems<\/strong> complete with project specific controls and instrumentation. We design and deliver systems that:<\/p>\n<ul>\n<li>Meet site specifications<\/li>\n<li>Comply with site and international standards<\/li>\n<li>Work according to achieving CO2 neutral<\/li>\n<li>Are tested as per the client\u2019s requirements and standards<\/li>\n<li>Are delivered on time and within budget<\/li>\n<li>Have low operation and maintenance cost<\/li>\n<\/ul>\n<h3>Advantages of Electric Heater Systems over Traditional Gas \/ Oil Fired Systems<\/h3>\n<p>Electric heaters work under the same principle as traditional gas or oil fired heaters, other than the fact that they use electricity to heat the process rather than gas. This makes them an ideal option for sites where there is no access to mains gas supply or which have environmental restrictions, such as emission controls, noise limits, etc.<\/p>\n<p>\u00a0<\/p>\n<p>One of the biggest advantages of electric heating systems is their energy efficiency, with around a 99% efficiency rate for the user. They do not require burning of fossil fuels to produce heat; hence no heat is lost through waste gases via flues or chimneys. Other major advantages include its compact size, accurate temperature controls, low maintenance, less noise and no emissions.<\/p>\n<p>\u00a0<\/p>\n<p>SEICO is a company possessing all the necessary experience to produce custom engineered turnkey heating systems of high quality. Our exposure to clients from various industries (refineries, petrochemical plants, power generation, gas processing plants and LNG among others) has enabled us to share process and engineering experience from different fields. We assist clients to consider and select unique solutions for their specific project and process challenges.<\/p>\n<p>\u00a0<\/p>\n<p>Drawing on our years of engineering experience and expertise across various divisions, SEICO\u2019s team of engineers takes customer requirements from concept stage through to completion and site commissioning.<\/p>\n<p>\u00a0<\/p>\n<p>In addition, over the years SEICO has developed a wide variety of best in class sub-vendors, resulting in customised equipment suited for the task at hand and delivering high efficiency, reliability and process guarantee.<\/p>\n<p>\u00a0<\/p>\n<p>SEICO\u2019s commitment to produce the right product for your application, using years of mechanical, electrical and electronic design expertise, is your guarantee that any turnkey heating system we supply and commission will meet your project and process requirements.<\/p>\t\t\t\t\t\t\t\t<\/div>\n\t\t\t\t<\/div>\n\t\t\t\t<div class=\"elementor-element elementor-element-b9a4a25 show-de elementor-widget elementor-widget-text-editor\" data-id=\"b9a4a25\" data-element_type=\"widget\" data-e-type=\"widget\" data-widget_type=\"text-editor.default\">\n\t\t\t\t<div class=\"elementor-widget-container\">\n\t\t\t\t\t\t\t\t\t<ul>\n<li>Nahezu drucklos bis 320 \u00b0C<\/li>\n<li>Umlauftemperaturen bis 320 \u00b0C \/ 350 \u00b0C \/ 380 \u00b0C oder sogar 400 \u00b0C<\/li>\n<li>Leckagefreie, magnetgekuppelte Pumpe<\/li>\n<li>Frequenzgeregelte Pumpenmotore<\/li>\n<li>SEICO Autotune Funktion f\u00fcr Selbstoptimierung der Regelparameter f\u00fcr perfekte Ergebnisse<\/li>\n<li>Elektrische oder pneumatische Regelventile<\/li>\n<\/ul>\t\t\t\t\t\t\t\t<\/div>\n\t\t\t\t<\/div>\n\t\t\t\t<\/div>\n\t\t\t\t\t<\/details>\n\t\t\t\t\t<\/div>\n\t\t\t\t\t\t<\/div>\n\t\t\t\t<\/div>\n\t\t\t\t\t<\/div>\n\t\t\t\t<\/div>\n\t\t<div class=\"elementor-element elementor-element-5cfc926 show-de e-flex e-con-boxed e-con e-parent\" data-id=\"5cfc926\" data-element_type=\"container\" data-e-type=\"container\">\n\t\t\t\t\t<div class=\"e-con-inner\">\n\t\t\t\t<div class=\"elementor-element elementor-element-994c7e1 elementor-widget elementor-widget-n-accordion\" data-id=\"994c7e1\" data-element_type=\"widget\" data-e-type=\"widget\" data-settings=\"{&quot;default_state&quot;:&quot;expanded&quot;,&quot;max_items_expended&quot;:&quot;one&quot;,&quot;n_accordion_animation_duration&quot;:{&quot;unit&quot;:&quot;ms&quot;,&quot;size&quot;:400,&quot;sizes&quot;:[]}}\" data-widget_type=\"nested-accordion.default\">\n\t\t\t\t<div class=\"elementor-widget-container\">\n\t\t\t\t\t\t\t<div class=\"e-n-accordion\" aria-label=\"Accordion. Open links with Enter or Space, close with Escape, and navigate with Arrow Keys\">\n\t\t\t\t\t\t<details id=\"e-n-accordion-item-1600\" class=\"e-n-accordion-item\" open>\n\t\t\t\t<summary class=\"e-n-accordion-item-title\" data-accordion-index=\"1\" tabindex=\"0\" aria-expanded=\"true\" aria-controls=\"e-n-accordion-item-1600\" >\n\t\t\t\t\t<span class='e-n-accordion-item-title-header'><div class=\"e-n-accordion-item-title-text\"> BESCHREIBUNG <\/div><\/span>\n\t\t\t\t\t\t\t<span class='e-n-accordion-item-title-icon'>\n\t\t\t<span class='e-opened' ><svg aria-hidden=\"true\" class=\"e-font-icon-svg e-fas-minus\" viewbox=\"0 0 448 512\" xmlns=\"http:\/\/www.w3.org\/2000\/svg\"><path d=\"M416 208H32c-17.67 0-32 14.33-32 32v32c0 17.67 14.33 32 32 32h384c17.67 0 32-14.33 32-32v-32c0-17.67-14.33-32-32-32z\"><\/path><\/svg><\/span>\n\t\t\t<span class='e-closed'><svg aria-hidden=\"true\" class=\"e-font-icon-svg e-fas-plus\" viewbox=\"0 0 448 512\" xmlns=\"http:\/\/www.w3.org\/2000\/svg\"><path d=\"M416 208H272V64c0-17.67-14.33-32-32-32h-32c-17.67 0-32 14.33-32 32v144H32c-17.67 0-32 14.33-32 32v32c0 17.67 14.33 32 32 32h144v144c0 17.67 14.33 32 32 32h32c17.67 0 32-14.33 32-32V304h144c17.67 0 32-14.33 32-32v-32c0-17.67-14.33-32-32-32z\"><\/path><\/svg><\/span>\n\t\t<\/span>\n\n\t\t\t\t\t\t<\/summary>\n\t\t\t\t<div role=\"region\" aria-labelledby=\"e-n-accordion-item-1600\" class=\"elementor-element elementor-element-cb93f81 e-con-full e-flex e-con e-child\" data-id=\"cb93f81\" data-element_type=\"container\" data-e-type=\"container\">\n\t\t\t\t<div class=\"elementor-element elementor-element-630b206 elementor-widget elementor-widget-text-editor\" data-id=\"630b206\" data-element_type=\"widget\" data-e-type=\"widget\" data-widget_type=\"text-editor.default\">\n\t\t\t\t<div class=\"elementor-widget-container\">\n\t\t\t\t\t\t\t\t\t<p>SEICO ist ein Anbieter integrierter L\u00f6sungen, der mechanische, elektrische und elektronische Montagekapazit\u00e4ten innerhalb desselben Gesch\u00e4ftsbereichs umfasst. Wir bieten eine breite Produktpalette und profilieren uns als kundenspezifischer L\u00f6sungsanbieter mit Inbetriebnahme vor Ort und After-Sales-Service.<\/p>\n<p>\u00a0<\/p>\n<p>Die von SEICO entwickelten schl\u00fcsselfertigen Heizsysteme umfassen elektrische Dampferzeugungssysteme, elektrische Hei\u00dfwassersysteme und elektrische Hei\u00df\u00f6lsysteme, komplett mit projektspezifischen Steuerungen und Instrumenten. Wir entwickeln und liefern Systeme, die:<\/p>\n<ul>\n<li>Kunden- bzw. Standortspezifikationen erf\u00fcllen<\/li>\n<li>Einhaltung von Standort- und internationalen Standards<\/li>\n<li>Entsprechend der Prim\u00e4renergie CO2 Neutral arbeiten<\/li>\n<li>Sind gem\u00e4\u00df den Anforderungen und Standards des Kunden getestet<\/li>\n<li>Werden p\u00fcnktlich und innerhalb des Budgets geliefert<\/li>\n<li>Haben niedrige Betriebs- und Wartungskosten<\/li>\n<\/ul>\t\t\t\t\t\t\t\t<\/div>\n\t\t\t\t<\/div>\n\t\t\t\t<\/div>\n\t\t\t\t\t<\/details>\n\t\t\t\t\t<\/div>\n\t\t\t\t\t\t<\/div>\n\t\t\t\t<\/div>\n\t\t\t\t\t<\/div>\n\t\t\t\t<\/div>\n\t\t<div class=\"elementor-element elementor-element-2565ecc e-flex e-con-boxed e-con e-parent\" data-id=\"2565ecc\" data-element_type=\"container\" data-e-type=\"container\">\n\t\t\t\t\t<div class=\"e-con-inner\">\n\t\t\t\t<div class=\"elementor-element elementor-element-bc9c163 elementor-widget elementor-widget-spacer\" data-id=\"bc9c163\" data-element_type=\"widget\" data-e-type=\"widget\" data-widget_type=\"spacer.default\">\n\t\t\t\t<div class=\"elementor-widget-container\">\n\t\t\t\t\t\t\t<div class=\"elementor-spacer\">\n\t\t\t<div class=\"elementor-spacer-inner\"><\/div>\n\t\t<\/div>\n\t\t\t\t\t\t<\/div>\n\t\t\t\t<\/div>\n\t\t\t\t\t<\/div>\n\t\t\t\t<\/div>\n\t\t\t\t<\/div>","protected":false},"excerpt":{"rendered":"<p>Complete Plant Construction SEICO is an integrated solutions supplier, encompassing mechanical, electrical and electronic assembly capabilities within the same business. [&hellip;]<\/p>\n","protected":false},"author":8,"featured_media":0,"parent":1769,"menu_order":0,"comment_status":"closed","ping_status":"closed","template":"","meta":{"site-sidebar-layout":"no-sidebar","site-content-layout":"","ast-site-content-layout":"full-width-container","site-content-style":"default","site-sidebar-style":"default","ast-global-header-display":"","ast-banner-title-visibility":"","ast-main-header-display":"","ast-hfb-above-header-display":"","ast-hfb-below-header-display":"","ast-hfb-mobile-header-display":"","site-post-title":"disabled","ast-breadcrumbs-content":"","ast-featured-img":"disabled","footer-sml-layout":"","ast-disable-related-posts":"","theme-transparent-header-meta":"default","adv-header-id-meta":"","stick-header-meta":"default","header-above-stick-meta":"","header-main-stick-meta":"","header-below-stick-meta":"","astra-migrate-meta-layouts":"set","ast-page-background-enabled":"default","ast-page-background-meta":{"desktop":{"background-color":"var(--ast-global-color-4)","background-image":"","background-repeat":"repeat","background-position":"center center","background-size":"auto","background-attachment":"scroll","background-type":"","background-media":"","overlay-type":"","overlay-color":"","overlay-opacity":"","overlay-gradient":""},"tablet":{"background-color":"","background-image":"","background-repeat":"repeat","background-position":"center center","background-size":"auto","background-attachment":"scroll","background-type":"","background-media":"","overlay-type":"","overlay-color":"","overlay-opacity":"","overlay-gradient":""},"mobile":{"background-color":"","background-image":"","background-repeat":"repeat","background-position":"center center","background-size":"auto","background-attachment":"scroll","background-type":"","background-media":"","overlay-type":"","overlay-color":"","overlay-opacity":"","overlay-gradient":""}},"ast-content-background-meta":{"desktop":{"background-color":"var(--ast-global-color-5)","background-image":"","background-repeat":"repeat","background-position":"center center","background-size":"auto","background-attachment":"scroll","background-type":"","background-media":"","overlay-type":"","overlay-color":"","overlay-opacity":"","overlay-gradient":""},"tablet":{"background-color":"var(--ast-global-color-5)","background-image":"","background-repeat":"repeat","background-position":"center center","background-size":"auto","background-attachment":"scroll","background-type":"","background-media":"","overlay-type":"","overlay-color":"","overlay-opacity":"","overlay-gradient":""},"mobile":{"background-color":"var(--ast-global-color-5)","background-image":"","background-repeat":"repeat","background-position":"center center","background-size":"auto","background-attachment":"scroll","background-type":"","background-media":"","overlay-type":"","overlay-color":"","overlay-opacity":"","overlay-gradient":""}},"footnotes":"","_links_to":"","_links_to_target":""},"class_list":["post-2161","page","type-page","status-publish","hentry"],"_links":{"self":[{"href":"https:\/\/seico.eu\/de\/wp-json\/wp\/v2\/pages\/2161","targetHints":{"allow":["GET"]}}],"collection":[{"href":"https:\/\/seico.eu\/de\/wp-json\/wp\/v2\/pages"}],"about":[{"href":"https:\/\/seico.eu\/de\/wp-json\/wp\/v2\/types\/page"}],"author":[{"embeddable":true,"href":"https:\/\/seico.eu\/de\/wp-json\/wp\/v2\/users\/8"}],"replies":[{"embeddable":true,"href":"https:\/\/seico.eu\/de\/wp-json\/wp\/v2\/comments?post=2161"}],"version-history":[{"count":19,"href":"https:\/\/seico.eu\/de\/wp-json\/wp\/v2\/pages\/2161\/revisions"}],"predecessor-version":[{"id":2186,"href":"https:\/\/seico.eu\/de\/wp-json\/wp\/v2\/pages\/2161\/revisions\/2186"}],"up":[{"embeddable":true,"href":"https:\/\/seico.eu\/de\/wp-json\/wp\/v2\/pages\/1769"}],"wp:attachment":[{"href":"https:\/\/seico.eu\/de\/wp-json\/wp\/v2\/media?parent=2161"}],"curies":[{"name":"wp","href":"https:\/\/api.w.org\/{rel}","templated":true}]}}