{"id":2348,"date":"2025-08-25T11:04:39","date_gmt":"2025-08-25T11:04:39","guid":{"rendered":"https:\/\/seico.eu\/?page_id=2348"},"modified":"2026-04-02T08:14:24","modified_gmt":"2026-04-02T06:14:24","slug":"careers","status":"publish","type":"page","link":"https:\/\/seico.eu\/de\/about-seico\/careers\/","title":{"rendered":"Your career with SEICO"},"content":{"rendered":"<div data-elementor-type=\"wp-page\" data-elementor-id=\"2348\" class=\"elementor elementor-2348\">\n\t\t\t\t<div class=\"elementor-element elementor-element-eb3b42a e-flex e-con-boxed e-con e-parent\" data-id=\"eb3b42a\" data-element_type=\"container\" data-e-type=\"container\">\n\t\t\t\t\t<div class=\"e-con-inner\">\n\t\t\t\t<div class=\"elementor-element elementor-element-5328d28 elementor-widget elementor-widget-heading\" data-id=\"5328d28\" data-element_type=\"widget\" data-e-type=\"widget\" data-widget_type=\"heading.default\">\n\t\t\t\t<div class=\"elementor-widget-container\">\n\t\t\t\t\t<h2 class=\"elementor-heading-title elementor-size-default\">Ihre Karriere bei SEICO<\/h2>\t\t\t\t<\/div>\n\t\t\t\t<\/div>\n\t\t\t\t<div class=\"elementor-element elementor-element-5fd5c84 elementor-widget elementor-widget-text-editor\" data-id=\"5fd5c84\" data-element_type=\"widget\" data-e-type=\"widget\" data-widget_type=\"text-editor.default\">\n\t\t\t\t<div class=\"elementor-widget-container\">\n\t\t\t\t\t\t\t\t\t<p>\u00a0<\/p>\n<p>\u00a0<\/p>\n<p>SEICO ist seit mehr als 80 Jahren ein globaler Partner als Maschinenbau- und Ingenieurb\u00fcro f\u00fcr das Heizen und K\u00fchlen von Industrieprozessen in verschiedenen Branchen. Unser Fachwissen, st\u00e4ndige Entwicklungsarbeit im eigenen technischen B\u00fcro, eigene Produktion und weltweiter Service f\u00fchren mit Standardsystemen, aber auch kundenspezifischen Projekten zur Realisierung der W\u00fcnsche unserer Kunden. Bei SEICO erwartet Sie eine harmonische Zusammenarbeit in einer modernen, internationalen Unternehmensgruppe.<\/p>\n<p>\u00a0<\/p>\n<h3 class=\"elementor-image-box-title elementor-inline-editing pen\" style=\"text-align: center;\" contenteditable=\"true\" data-elementor-setting-key=\"title_text\" data-elementor-inline-editing-toolbar=\"none\" data-pen-placeholder=\"Type Here...\">Verst\u00e4rke unser Team am Standort Hannover \/ Langenhagen:<\/h3>\t\t\t\t\t\t\t\t<\/div>\n\t\t\t\t<\/div>\n\t\t\t\t\t<\/div>\n\t\t\t\t<\/div>\n\t\t<div class=\"elementor-element elementor-element-74fc812 e-flex e-con-boxed e-con e-parent\" data-id=\"74fc812\" data-element_type=\"container\" data-e-type=\"container\">\n\t\t\t\t\t<div class=\"e-con-inner\">\n\t\t\t\t\t<\/div>\n\t\t\t\t<\/div>\n\t\t<div class=\"elementor-element elementor-element-e914545 e-flex e-con-boxed e-con e-parent\" data-id=\"e914545\" data-element_type=\"container\" data-e-type=\"container\">\n\t\t\t\t\t<div class=\"e-con-inner\">\n\t\t\t\t\t<\/div>\n\t\t\t\t<\/div>\n\t\t<div class=\"elementor-element elementor-element-35a1530 e-flex e-con-boxed e-con e-parent\" data-id=\"35a1530\" data-element_type=\"container\" data-e-type=\"container\">\n\t\t\t\t\t<div class=\"e-con-inner\">\n\t\t\t\t\t<\/div>\n\t\t\t\t<\/div>\n\t\t<div class=\"elementor-element elementor-element-651174b e-flex e-con-boxed e-con e-parent\" data-id=\"651174b\" data-element_type=\"container\" data-e-type=\"container\">\n\t\t\t\t\t<div class=\"e-con-inner\">\n\t\t\t\t\t<\/div>\n\t\t\t\t<\/div>\n\t\t<div class=\"elementor-element elementor-element-e9cdc34 e-flex e-con-boxed e-con e-parent\" data-id=\"e9cdc34\" data-element_type=\"container\" data-e-type=\"container\">\n\t\t\t\t\t<div class=\"e-con-inner\">\n\t\t\t\t<div class=\"elementor-element elementor-element-2f26a3e elementor-position-left elementor-vertical-align-top elementor-widget elementor-widget-image-box\" data-id=\"2f26a3e\" data-element_type=\"widget\" data-e-type=\"widget\" data-widget_type=\"image-box.default\">\n\t\t\t\t<div class=\"elementor-widget-container\">\n\t\t\t\t\t<div class=\"elementor-image-box-wrapper\"><figure class=\"elementor-image-box-img\"><a href=\"https:\/\/seico.eu\/wp-content\/uploads\/2026\/04\/SEICO_Stellengesuch_Azubi-Industrie-Kfm.pdf\" tabindex=\"-1\"><img fetchpriority=\"high\" decoding=\"async\" width=\"1779\" height=\"1598\" src=\"https:\/\/seico.eu\/wp-content\/uploads\/2025\/09\/250619_Mitarbeiter_freigegeben-fuer-Marketingzwecke-3.1.jpg\" class=\"attachment-full size-full wp-image-2672\" alt=\"\" srcset=\"https:\/\/seico.eu\/wp-content\/uploads\/2025\/09\/250619_Mitarbeiter_freigegeben-fuer-Marketingzwecke-3.1.jpg 1779w, https:\/\/seico.eu\/wp-content\/uploads\/2025\/09\/250619_Mitarbeiter_freigegeben-fuer-Marketingzwecke-3.1-300x269.jpg 300w, https:\/\/seico.eu\/wp-content\/uploads\/2025\/09\/250619_Mitarbeiter_freigegeben-fuer-Marketingzwecke-3.1-1024x920.jpg 1024w, https:\/\/seico.eu\/wp-content\/uploads\/2025\/09\/250619_Mitarbeiter_freigegeben-fuer-Marketingzwecke-3.1-768x690.jpg 768w, https:\/\/seico.eu\/wp-content\/uploads\/2025\/09\/250619_Mitarbeiter_freigegeben-fuer-Marketingzwecke-3.1-1536x1380.jpg 1536w, https:\/\/seico.eu\/wp-content\/uploads\/2025\/09\/250619_Mitarbeiter_freigegeben-fuer-Marketingzwecke-3.1-13x12.jpg 13w\" sizes=\"(max-width: 1779px) 100vw, 1779px\" \/><\/a><\/figure><div class=\"elementor-image-box-content\"><h3 class=\"elementor-image-box-title\"><a href=\"https:\/\/seico.eu\/wp-content\/uploads\/2026\/04\/SEICO_Stellengesuch_Azubi-Industrie-Kfm.pdf\">Auszubildender zum Industriekaufmann (w\/m\/d).pdf<\/a><\/h3><\/div><\/div>\t\t\t\t<\/div>\n\t\t\t\t<\/div>\n\t\t\t\t\t<\/div>\n\t\t\t\t<\/div>\n\t\t\t\t<\/div>","protected":false},"excerpt":{"rendered":"<p>Ihre Karriere bei SEICO \u00a0 \u00a0 SEICO ist seit mehr als 80 Jahren ein globaler Partner als Maschinenbau- und Ingenieurb\u00fcro [&hellip;]<\/p>\n","protected":false},"author":8,"featured_media":0,"parent":125,"menu_order":0,"comment_status":"closed","ping_status":"closed","template":"","meta":{"site-sidebar-layout":"no-sidebar","site-content-layout":"","ast-site-content-layout":"full-width-container","site-content-style":"default","site-sidebar-style":"default","ast-global-header-display":"","ast-banner-title-visibility":"","ast-main-header-display":"","ast-hfb-above-header-display":"","ast-hfb-below-header-display":"","ast-hfb-mobile-header-display":"","site-post-title":"disabled","ast-breadcrumbs-content":"","ast-featured-img":"disabled","footer-sml-layout":"","ast-disable-related-posts":"","theme-transparent-header-meta":"default","adv-header-id-meta":"","stick-header-meta":"default","header-above-stick-meta":"","header-main-stick-meta":"","header-below-stick-meta":"","astra-migrate-meta-layouts":"set","ast-page-background-enabled":"default","ast-page-background-meta":{"desktop":{"background-color":"var(--ast-global-color-4)","background-image":"","background-repeat":"repeat","background-position":"center center","background-size":"auto","background-attachment":"scroll","background-type":"","background-media":"","overlay-type":"","overlay-color":"","overlay-opacity":"","overlay-gradient":""},"tablet":{"background-color":"","background-image":"","background-repeat":"repeat","background-position":"center center","background-size":"auto","background-attachment":"scroll","background-type":"","background-media":"","overlay-type":"","overlay-color":"","overlay-opacity":"","overlay-gradient":""},"mobile":{"background-color":"","background-image":"","background-repeat":"repeat","background-position":"center center","background-size":"auto","background-attachment":"scroll","background-type":"","background-media":"","overlay-type":"","overlay-color":"","overlay-opacity":"","overlay-gradient":""}},"ast-content-background-meta":{"desktop":{"background-color":"var(--ast-global-color-5)","background-image":"","background-repeat":"repeat","background-position":"center center","background-size":"auto","background-attachment":"scroll","background-type":"","background-media":"","overlay-type":"","overlay-color":"","overlay-opacity":"","overlay-gradient":""},"tablet":{"background-color":"var(--ast-global-color-5)","background-image":"","background-repeat":"repeat","background-position":"center center","background-size":"auto","background-attachment":"scroll","background-type":"","background-media":"","overlay-type":"","overlay-color":"","overlay-opacity":"","overlay-gradient":""},"mobile":{"background-color":"var(--ast-global-color-5)","background-image":"","background-repeat":"repeat","background-position":"center center","background-size":"auto","background-attachment":"scroll","background-type":"","background-media":"","overlay-type":"","overlay-color":"","overlay-opacity":"","overlay-gradient":""}},"footnotes":"","_links_to":"","_links_to_target":""},"class_list":["post-2348","page","type-page","status-publish","hentry"],"_links":{"self":[{"href":"https:\/\/seico.eu\/de\/wp-json\/wp\/v2\/pages\/2348","targetHints":{"allow":["GET"]}}],"collection":[{"href":"https:\/\/seico.eu\/de\/wp-json\/wp\/v2\/pages"}],"about":[{"href":"https:\/\/seico.eu\/de\/wp-json\/wp\/v2\/types\/page"}],"author":[{"embeddable":true,"href":"https:\/\/seico.eu\/de\/wp-json\/wp\/v2\/users\/8"}],"replies":[{"embeddable":true,"href":"https:\/\/seico.eu\/de\/wp-json\/wp\/v2\/comments?post=2348"}],"version-history":[{"count":254,"href":"https:\/\/seico.eu\/de\/wp-json\/wp\/v2\/pages\/2348\/revisions"}],"predecessor-version":[{"id":2921,"href":"https:\/\/seico.eu\/de\/wp-json\/wp\/v2\/pages\/2348\/revisions\/2921"}],"up":[{"embeddable":true,"href":"https:\/\/seico.eu\/de\/wp-json\/wp\/v2\/pages\/125"}],"wp:attachment":[{"href":"https:\/\/seico.eu\/de\/wp-json\/wp\/v2\/media?parent=2348"}],"curies":[{"name":"wp","href":"https:\/\/api.w.org\/{rel}","templated":true}]}}