{"id":77,"date":"2020-10-27T15:03:20","date_gmt":"2020-10-27T15:03:20","guid":{"rendered":"http:\/\/seico-heizungen.com\/?page_id=77"},"modified":"2025-01-13T06:46:38","modified_gmt":"2025-01-13T06:46:38","slug":"project-management","status":"publish","type":"page","link":"https:\/\/seico.eu\/de\/services\/project-management\/","title":{"rendered":"Projektmanagement"},"content":{"rendered":"<div data-elementor-type=\"wp-page\" data-elementor-id=\"77\" class=\"elementor elementor-77\">\n\t\t\t\t<div class=\"elementor-element elementor-element-11a2122 e-flex e-con-boxed e-con e-parent\" data-id=\"11a2122\" data-element_type=\"container\" data-e-type=\"container\" data-settings=\"{&quot;background_background&quot;:&quot;classic&quot;}\">\n\t\t\t\t\t<div class=\"e-con-inner\">\n\t\t\t\t\t<\/div>\n\t\t\t\t<\/div>\n\t\t<div class=\"elementor-element elementor-element-6a1ddd8c e-flex e-con-boxed e-con e-parent\" data-id=\"6a1ddd8c\" data-element_type=\"container\" data-e-type=\"container\">\n\t\t\t\t\t<div class=\"e-con-inner\">\n\t\t\t\t<div class=\"elementor-element elementor-element-58bcb8ee elementor-widget elementor-widget-text-editor\" data-id=\"58bcb8ee\" data-element_type=\"widget\" data-e-type=\"widget\" data-widget_type=\"text-editor.default\">\n\t\t\t\t<div class=\"elementor-widget-container\">\n\t\t\t\t\t\t\t\t\t<p class=\"subtitle-1\" style=\"margin-bottom: 50px;\">Mit einer nachgewiesenen Erfolgsbilanz bei der Bereitstellung \u00fcberlegener elektrischer Heizungs- und Steuersystempakete f\u00fcr eine Vielzahl von Projekten auf der ganzen Welt verf\u00fcgt SEICO \u00fcber die erforderliche Erfahrung, um selbst die komplexesten Projektarchitekturen zu implementieren und zu integrieren, damit unsere Kunden ihre W\u00fcnsche und angestrebte Ziele erreichen k\u00f6nnen.<\/p>\r\n<p><b>Managementphasen<\/b><\/p>\r\n<p>SEICO stellt jedem Projekt ein erfahrenes und qualifiziertes Team von Ingenieuren und Technikern zur Verf\u00fcgung, um Folgendes zu realisieren und zu managen:<\/p>\r\n<ul style=\"margin-bottom: 50px;\">\r\n\t<li>Inbetriebnahme<\/li>\r\n\t<li>Kundenbetreuung und After Sales<\/li>\r\n\t<li>Dokumentation<\/li>\r\n\t<li>Elektrische Dokumentation<\/li>\r\n\t<li>Ingenieurwesen<\/li>\r\n\t<li>Werkspr\u00fcfung und Qualit\u00e4tskontrolle<\/li>\r\n\t<li>Herstellung<\/li>\r\n\t<li>Verpackung und Transport<\/li>\r\n\t<li>Planung<\/li>\r\n\t<li>Beschaffung<\/li>\r\n\t<li>Weltweiter Service<\/li>\r\n<\/ul>\r\n<p><b>Typischer Projektmanagementprozess<\/b><\/p>\r\n<p>Ein typischerweise von SEICO verwaltetes Projekt durchl\u00e4uft die folgenden Verfahren:<\/p>\r\n<ul>\r\n\t<li>Zeichnungsfreigabe des Heizger\u00e4tes<\/li>\r\n\t<li>Beschaffung<\/li>\r\n\t<li>Druckbeh\u00e4lter<\/li>\r\n\t<li>Konstruktion inkl. Engineering und Zeichnungsabschluss<\/li>\r\n\t<li>Designzulassung<\/li>\r\n\t<li>Materialbeschaffung und Fertigung<\/li>\r\n\t<li>Heizungsbaugruppe<\/li>\r\n\t<li>Endpr\u00fcfung, Inspektion und Qualit\u00e4tskontrolle des Heizger\u00e4tes<\/li>\r\n\t<li>Verpackung \/ Konservierung<\/li>\r\n\t<li>Versandfertig<\/li>\r\n<\/ul>\t\t\t\t\t\t\t\t<\/div>\n\t\t\t\t<\/div>\n\t\t\t\t\t<\/div>\n\t\t\t\t<\/div>\n\t\t\t\t<\/div>","protected":false},"excerpt":{"rendered":"<p>With a proven track record of providing superior electrical heating and control system packages for a variety of projects around [&hellip;]<\/p>\n","protected":false},"author":5,"featured_media":0,"parent":62,"menu_order":2,"comment_status":"closed","ping_status":"closed","template":"","meta":{"site-sidebar-layout":"default","site-content-layout":"","ast-site-content-layout":"default","site-content-style":"default","site-sidebar-style":"default","ast-global-header-display":"","ast-banner-title-visibility":"","ast-main-header-display":"","ast-hfb-above-header-display":"","ast-hfb-below-header-display":"","ast-hfb-mobile-header-display":"","site-post-title":"","ast-breadcrumbs-content":"","ast-featured-img":"","footer-sml-layout":"","ast-disable-related-posts":"","theme-transparent-header-meta":"default","adv-header-id-meta":"","stick-header-meta":"default","header-above-stick-meta":"","header-main-stick-meta":"","header-below-stick-meta":"","astra-migrate-meta-layouts":"set","ast-page-background-enabled":"default","ast-page-background-meta":{"desktop":{"background-color":"var(--ast-global-color-4)","background-image":"","background-repeat":"repeat","background-position":"center center","background-size":"auto","background-attachment":"scroll","background-type":"","background-media":"","overlay-type":"","overlay-color":"","overlay-opacity":"","overlay-gradient":""},"tablet":{"background-color":"","background-image":"","background-repeat":"repeat","background-position":"center center","background-size":"auto","background-attachment":"scroll","background-type":"","background-media":"","overlay-type":"","overlay-color":"","overlay-opacity":"","overlay-gradient":""},"mobile":{"background-color":"","background-image":"","background-repeat":"repeat","background-position":"center center","background-size":"auto","background-attachment":"scroll","background-type":"","background-media":"","overlay-type":"","overlay-color":"","overlay-opacity":"","overlay-gradient":""}},"ast-content-background-meta":{"desktop":{"background-color":"var(--ast-global-color-5)","background-image":"","background-repeat":"repeat","background-position":"center center","background-size":"auto","background-attachment":"scroll","background-type":"","background-media":"","overlay-type":"","overlay-color":"","overlay-opacity":"","overlay-gradient":""},"tablet":{"background-color":"var(--ast-global-color-5)","background-image":"","background-repeat":"repeat","background-position":"center center","background-size":"auto","background-attachment":"scroll","background-type":"","background-media":"","overlay-type":"","overlay-color":"","overlay-opacity":"","overlay-gradient":""},"mobile":{"background-color":"var(--ast-global-color-5)","background-image":"","background-repeat":"repeat","background-position":"center center","background-size":"auto","background-attachment":"scroll","background-type":"","background-media":"","overlay-type":"","overlay-color":"","overlay-opacity":"","overlay-gradient":""}},"footnotes":"","_links_to":"","_links_to_target":""},"class_list":["post-77","page","type-page","status-publish","hentry"],"_links":{"self":[{"href":"https:\/\/seico.eu\/de\/wp-json\/wp\/v2\/pages\/77","targetHints":{"allow":["GET"]}}],"collection":[{"href":"https:\/\/seico.eu\/de\/wp-json\/wp\/v2\/pages"}],"about":[{"href":"https:\/\/seico.eu\/de\/wp-json\/wp\/v2\/types\/page"}],"author":[{"embeddable":true,"href":"https:\/\/seico.eu\/de\/wp-json\/wp\/v2\/users\/5"}],"replies":[{"embeddable":true,"href":"https:\/\/seico.eu\/de\/wp-json\/wp\/v2\/comments?post=77"}],"version-history":[{"count":35,"href":"https:\/\/seico.eu\/de\/wp-json\/wp\/v2\/pages\/77\/revisions"}],"predecessor-version":[{"id":1911,"href":"https:\/\/seico.eu\/de\/wp-json\/wp\/v2\/pages\/77\/revisions\/1911"}],"up":[{"embeddable":true,"href":"https:\/\/seico.eu\/de\/wp-json\/wp\/v2\/pages\/62"}],"wp:attachment":[{"href":"https:\/\/seico.eu\/de\/wp-json\/wp\/v2\/media?parent=77"}],"curies":[{"name":"wp","href":"https:\/\/api.w.org\/{rel}","templated":true}]}}