{"id":792,"date":"2021-07-27T06:15:07","date_gmt":"2021-07-27T06:15:07","guid":{"rendered":"http:\/\/seico-heizungen.com\/?page_id=792"},"modified":"2025-08-22T07:09:23","modified_gmt":"2025-08-22T07:09:23","slug":"natural-gas","status":"publish","type":"page","link":"https:\/\/seico.eu\/de\/solutions\/natural-gas\/","title":{"rendered":"Erdgas"},"content":{"rendered":"<p><img decoding=\"async\" class=\"alignright\" style=\"float: right; width: 300px; height: auto; margin-left: 25px;\" src=\"http:\/\/seico-heizungen.com\/wp-content\/uploads\/2021\/08\/img-application-gallery-fuelgas.jpg\" alt=\"\" \/><\/p>\n<p style=\"text-align: left;\">Brenngas wird \u00fcblicherweise in der stromerzeugenden Industrie als Energiequelle f\u00fcr Turbinen verwendet. Bevor das Brenngas in den Turbinen verbrannt wird, muss es vorbehandelt werden, um es von festen, fl\u00fcssigen und gasf\u00f6rmigen Schadstoffen zu reinigen. Eine Brenngas-Aufbereitungsanlage besteht in der Regel aus folgenden Komponenten: einem Vorw\u00e4rmer, einem Druckregelventil, zwei hocheffizienten Koaleszenz-Filterelementen und einem \u00dcberhitzer.<\/p>\n<p style=\"text-align: left;\">Der Vorw\u00e4rmer verhindert die Bildung von Hydrat aufgrund eines Druck- und Temperaturabfalls im Druckregler.<\/p>\n<p style=\"text-align: left;\">Das Druckregelventil sorgt dann f\u00fcr einen konstanten Gasdruck f\u00fcr die Turbine, im Fall, dass der Gasversorgungsdruck ein akzeptables Niveau \u00fcbersteigt.<\/p>\n<p style=\"text-align: left;\">Der Koaleszenz-Filter entfernt Feststoffe und Fl\u00fcssigkeiten. Das System enth\u00e4lt gew\u00f6hnlich zwei solche Filter. So kann einer ausgewechselt werden, ohne dass die Gasaufarbeitungsanlage abgeschaltet werden muss.<\/p>\n<p style=\"text-align: left;\">Abschlie\u00dfend kommt ein \u00dcberhitzer zum Einsatz, der gew\u00e4hrleistet, dass das in die Turbine einstr\u00f6mende Gas die richtige Temperatur hat.<\/p>\n<p style=\"text-align: left;\">SEICO kann hier je nach Wunsch eine komplette L\u00f6sung oder nur einzelne Erhitzer liefern.<\/p>","protected":false},"excerpt":{"rendered":"<p>Fuel gas is commonly used in the power generating industry as an energy source for turbines. Before the fuel gas [&hellip;]<\/p>\n","protected":false},"author":5,"featured_media":0,"parent":38,"menu_order":3,"comment_status":"closed","ping_status":"closed","template":"","meta":{"site-sidebar-layout":"default","site-content-layout":"","ast-site-content-layout":"default","site-content-style":"default","site-sidebar-style":"default","ast-global-header-display":"","ast-banner-title-visibility":"","ast-main-header-display":"","ast-hfb-above-header-display":"","ast-hfb-below-header-display":"","ast-hfb-mobile-header-display":"","site-post-title":"","ast-breadcrumbs-content":"","ast-featured-img":"","footer-sml-layout":"","ast-disable-related-posts":"","theme-transparent-header-meta":"default","adv-header-id-meta":"","stick-header-meta":"default","header-above-stick-meta":"","header-main-stick-meta":"","header-below-stick-meta":"","astra-migrate-meta-layouts":"set","ast-page-background-enabled":"default","ast-page-background-meta":{"desktop":{"background-color":"var(--ast-global-color-4)","background-image":"","background-repeat":"repeat","background-position":"center center","background-size":"auto","background-attachment":"scroll","background-type":"","background-media":"","overlay-type":"","overlay-color":"","overlay-opacity":"","overlay-gradient":""},"tablet":{"background-color":"","background-image":"","background-repeat":"repeat","background-position":"center center","background-size":"auto","background-attachment":"scroll","background-type":"","background-media":"","overlay-type":"","overlay-color":"","overlay-opacity":"","overlay-gradient":""},"mobile":{"background-color":"","background-image":"","background-repeat":"repeat","background-position":"center center","background-size":"auto","background-attachment":"scroll","background-type":"","background-media":"","overlay-type":"","overlay-color":"","overlay-opacity":"","overlay-gradient":""}},"ast-content-background-meta":{"desktop":{"background-color":"var(--ast-global-color-5)","background-image":"","background-repeat":"repeat","background-position":"center center","background-size":"auto","background-attachment":"scroll","background-type":"","background-media":"","overlay-type":"","overlay-color":"","overlay-opacity":"","overlay-gradient":""},"tablet":{"background-color":"var(--ast-global-color-5)","background-image":"","background-repeat":"repeat","background-position":"center center","background-size":"auto","background-attachment":"scroll","background-type":"","background-media":"","overlay-type":"","overlay-color":"","overlay-opacity":"","overlay-gradient":""},"mobile":{"background-color":"var(--ast-global-color-5)","background-image":"","background-repeat":"repeat","background-position":"center center","background-size":"auto","background-attachment":"scroll","background-type":"","background-media":"","overlay-type":"","overlay-color":"","overlay-opacity":"","overlay-gradient":""}},"footnotes":"","_links_to":"","_links_to_target":""},"class_list":["post-792","page","type-page","status-publish","hentry"],"_links":{"self":[{"href":"https:\/\/seico.eu\/de\/wp-json\/wp\/v2\/pages\/792","targetHints":{"allow":["GET"]}}],"collection":[{"href":"https:\/\/seico.eu\/de\/wp-json\/wp\/v2\/pages"}],"about":[{"href":"https:\/\/seico.eu\/de\/wp-json\/wp\/v2\/types\/page"}],"author":[{"embeddable":true,"href":"https:\/\/seico.eu\/de\/wp-json\/wp\/v2\/users\/5"}],"replies":[{"embeddable":true,"href":"https:\/\/seico.eu\/de\/wp-json\/wp\/v2\/comments?post=792"}],"version-history":[{"count":19,"href":"https:\/\/seico.eu\/de\/wp-json\/wp\/v2\/pages\/792\/revisions"}],"predecessor-version":[{"id":2122,"href":"https:\/\/seico.eu\/de\/wp-json\/wp\/v2\/pages\/792\/revisions\/2122"}],"up":[{"embeddable":true,"href":"https:\/\/seico.eu\/de\/wp-json\/wp\/v2\/pages\/38"}],"wp:attachment":[{"href":"https:\/\/seico.eu\/de\/wp-json\/wp\/v2\/media?parent=792"}],"curies":[{"name":"wp","href":"https:\/\/api.w.org\/{rel}","templated":true}]}}