{"id":80,"date":"2020-10-27T15:08:57","date_gmt":"2020-10-27T15:08:57","guid":{"rendered":"http:\/\/seico-heizungen.com\/?page_id=80"},"modified":"2025-01-13T06:51:57","modified_gmt":"2025-01-13T06:51:57","slug":"servicing-maintenance","status":"publish","type":"page","link":"https:\/\/seico.eu\/de\/services\/servicing-maintenance\/","title":{"rendered":"Wartung"},"content":{"rendered":"<div data-elementor-type=\"wp-page\" data-elementor-id=\"80\" class=\"elementor elementor-80\">\n\t\t\t\t<div class=\"elementor-element elementor-element-1052fde e-flex e-con-boxed e-con e-parent\" data-id=\"1052fde\" data-element_type=\"container\" data-e-type=\"container\" data-settings=\"{&quot;background_background&quot;:&quot;classic&quot;}\">\n\t\t\t\t\t<div class=\"e-con-inner\">\n\t\t\t\t\t<\/div>\n\t\t\t\t<\/div>\n\t\t<div class=\"elementor-element elementor-element-65d0e72 e-flex e-con-boxed e-con e-parent\" data-id=\"65d0e72\" data-element_type=\"container\" data-e-type=\"container\">\n\t\t\t\t\t<div class=\"e-con-inner\">\n\t\t\t\t<div class=\"elementor-element elementor-element-29bbd48f elementor-widget elementor-widget-text-editor\" data-id=\"29bbd48f\" data-element_type=\"widget\" data-e-type=\"widget\" data-widget_type=\"text-editor.default\">\n\t\t\t\t<div class=\"elementor-widget-container\">\n\t\t\t\t\t\t\t\t\t<p class=\"subtitle-1\" style=\"margin-bottom: 50px;\">SEICO, ein Weltklasse-Hersteller von hochenergetischen, effizienten Heiz- und K\u00fchlsystemen, kombiniert seine Expertise mit EX-Services, um sicherzustellen, dass Ihre Systeme von hochqualifizierten erfahrenen Ingenieuren gewartet werden.<\/p>\r\n<p><b>Globale Produktpflege<\/b><\/p>\r\n<p style=\"margin-bottom: 35px;\">SEICO bietet Dienstleistungen an, die darauf ausgerichtet sind, Kosten zu senken, Risiken zu reduzieren und die Produktlebensdauer zu verbessern, indem Probleme beseitigt werden, bevor sie auftreten. Engagierte Teams in strategischen globalen Positionen erm\u00f6glichen es SEICO, \u00fcberall auf der Welt schnellen technischen Support oder Notfallbesuche vor Ort anzubieten. Ob Sie Schulungen, technischen Support oder einen umfassenden Servicevertrag zur vorbeugenden Wartung ben\u00f6tigen, SEICO hilft Ihnen dabei, Ihre Heiz- und K\u00fchlsysteme betriebsbereit zu halten. Um mehr \u00fcber den Qualit\u00e4tswartungsservice zu erfahren, den wir anbieten k\u00f6nnen, scrollen Sie durch die Optionen unten oder besuchen Sie die <a href=\"http:\/\/www.exservices.com\/\" target=\"_blank\" rel=\"noopener\">EX Services<\/a> Website, um mehr zu erfahren.<\/p>\r\n<p><b>Site Survey und Zustandsberichte<\/b><\/p>\r\n<p style=\"margin-bottom: 35px;\">Unser Ingenieurteam f\u00fchrt eine vollst\u00e4ndige Standortbesichtigung durch und erstellt Zustandsberichte f\u00fcr alle SEICO-Ger\u00e4te. Die Standortbesichtigung umfasst auch eine \u00dcberpr\u00fcfung des Kundenschulungsbedarfs, der Ersatzteilbest\u00e4nde und der Dokumentation vor Ort, um sicherzustellen, dass Sie perfekt ger\u00fcstet sind, um das Beste aus Ihren Heiz- und K\u00fchlger\u00e4ten herauszuholen. SEICO kann auch <a href=\"http:\/\/www.exheat.com\/library\/leaflet-thermography.pdf\" target=\"_blank\" rel=\"noopener\">W\u00e4rmebildstudien durchf\u00fchren<\/a> , um ansonsten unsichtbare Symptome eines drohenden Ausfalls in einem fr\u00fchen Stadium sicher zu erkennen. So k\u00f6nnen Sie Probleme beheben, bevor sie Ihren Produktionsprozess st\u00f6ren, und Ihrem Unternehmen helfen, Zeit und Geld zu sparen.<\/p>\r\n<p><b>Inbetriebnahme<\/b><\/p>\r\n<p style=\"margin-bottom: 35px;\">Die Garantie, dass Ihre Ausr\u00fcstung beim ersten Mal richtig installiert wird, kann entscheidend sein, um den fristgerechten Abschluss eines kritischen Projekts zu gew\u00e4hrleisten und eine stabile Grundlage f\u00fcr die Leistung der Ausr\u00fcstung zu schaffen. SEICO kann On- und Offshore-Inbetriebnahme-Ingenieure liefern, die alle Inbetriebnahme- und Inbetriebnahmepr\u00fcfungen durchf\u00fchren, damit Sie sich darauf verlassen k\u00f6nnen, dass Ihre Ausr\u00fcstung korrekt installiert wurde und innerhalb ihrer Konstruktionsparameter arbeitet. Die Inbetriebnahme Ihrer Heiz- und K\u00fchlger\u00e4te durch SEICO-Ingenieure erm\u00f6glicht auch eine sofortige Best\u00e4tigung der SEICO-Garantie.<\/p>\r\n<p><b>Schulungen<\/b><\/p>\r\n<p style=\"margin-bottom: 35px;\">SEICO ist in der Lage, strukturierte Schulungen zu Betrieb, grundlegender Wartung und Probleml\u00f6sung f\u00fcr Ihre SEICO-Ger\u00e4te anzubieten, die auf Ihren Personalbedarf zugeschnitten sind und Ihrem Team das Wissen vermitteln, um t\u00e4glich die beste Leistung aus Ihren Ger\u00e4ten herauszuholen. Diese zertifizierte Schulung kann vor Ort oder in unseren Schulungsst\u00e4tten in Deutschland durchgef\u00fchrt werden.<\/p>\r\n<p><b>Technischer Support<\/b><\/p>\r\n<p style=\"margin-bottom: 35px;\">SEICO ist stolz darauf, einen umfassenden technischen Support-Service anzubieten. Dieser Service wird \u00fcber unser B\u00fcro in Deutschland bereitgestellt, um sicherzustellen, dass die Unterst\u00fctzung verf\u00fcgbar ist, wenn sie am dringendsten ben\u00f6tigt wird. Mit Zugang zum Design-, Fertigungs- und Standortservice-Team k\u00f6nnen Sie sicher sein, dass Sie eine schnelle und angemessene Antwort erhalten, um Sie bei Ihrer technischen Anfrage zu unterst\u00fctzen.<\/p>\r\n<p><b>Vorbeugende Wartung<\/b><\/p>\r\n<p style=\"margin-bottom: 35px;\">In jedem Lebensbereich ist Vorbeugen immer besser als Nachbessern. Unsere vorbeugenden Wartungsprogramme bilden die Grundlage f\u00fcr optimale Leistung und Langlebigkeit der Anlagen und wird auf Sie zugeschnitten. Ein Teil des vorbeugenden Wartungsplans umfasst die kontinuierliche Diagnoseleistungs\u00fcberwachung Ihrer Ger\u00e4te, um w\u00e4hrend des gesamten Lebenszyklus Ihres Systems jederzeit eine optimale Leistung zu gew\u00e4hrleisten.<\/p>\r\n<p><b>Servicevertr\u00e4ge<\/b><\/p>\r\n<p style=\"margin-bottom: 35px;\">Unsere Wartungsl\u00f6sungen helfen Ihnen, die Leistung Ihrer Heiz- und K\u00fchlsysteme zu maximieren. Korrekt gewartete Ausr\u00fcstung tr\u00e4gt dazu bei, dass die Leistung gem\u00e4\u00df den Konstruktionsspezifikationen verbessert und beibehalten wird. Der beste Weg, um eine ordnungsgem\u00e4\u00dfe Wartung sicherzustellen, ist ein SEICO-Vertrag. Wir bieten verschiedene Servicevertragsoptionen an, die auf Ihre Gesch\u00e4fts- und Wartungsanforderungen zugeschnitten sind.<\/p>\r\n<p><b>On- und Offsite-Reparaturen<\/b><\/p>\r\n<p style=\"margin-bottom: 35px;\">SEICO ist in der Lage, durch unser international aufgestelltes Team von SEICO-Technikern fortlaufende technische Unterst\u00fctzung zu leisten. Mit langj\u00e4hriger Erfahrung kann unser Team Remote-Support, On-Site \/ Off-Shore- und Return-to-Base-Reparaturen an allen SEICO-Systemen anbieten und so die richtige L\u00f6sung f\u00fcr unsere Kunden sicherstellen.<\/p>\r\n<p><b>R\u00fcckgabe von Waren<\/b><\/p>\r\n<p style=\"margin-bottom: 35px;\">Bitte beachten Sie die <a href=\"http:\/\/www.exservices.com\/rga.html\" target=\"_blank\" rel=\"noopener\">Allgemeinen Gesch\u00e4ftsbedingungen<\/a> und f\u00fcllen Sie alle Angaben vollst\u00e4ndig aus. Senden Sie Ihre Anfrage \u00fcber das Formular auf der Seite und senden Sie ggf. eine Kopie der Dekontaminationsbescheinigung per E-Mail zu. Ihre Anfrage wird dann bearbeitet und Ihnen eine Autorisierungsnummer zugeteilt. Weitere Details finden Sie auf der <a href=\"http:\/\/www.exservices.com\/\" target=\"_blank\" rel=\"noopener\">EX Services<\/a> Webseite.<\/p>\t\t\t\t\t\t\t\t<\/div>\n\t\t\t\t<\/div>\n\t\t\t\t\t<\/div>\n\t\t\t\t<\/div>\n\t\t\t\t<\/div>","protected":false},"excerpt":{"rendered":"<p>SEICO, being a world class manufacturer of high-energy, efficient heating and cooling systems, combines its expertise with EX Services to [&hellip;]<\/p>\n","protected":false},"author":5,"featured_media":0,"parent":62,"menu_order":3,"comment_status":"closed","ping_status":"closed","template":"","meta":{"site-sidebar-layout":"default","site-content-layout":"","ast-site-content-layout":"default","site-content-style":"default","site-sidebar-style":"default","ast-global-header-display":"","ast-banner-title-visibility":"","ast-main-header-display":"","ast-hfb-above-header-display":"","ast-hfb-below-header-display":"","ast-hfb-mobile-header-display":"","site-post-title":"","ast-breadcrumbs-content":"","ast-featured-img":"","footer-sml-layout":"","ast-disable-related-posts":"","theme-transparent-header-meta":"default","adv-header-id-meta":"","stick-header-meta":"default","header-above-stick-meta":"","header-main-stick-meta":"","header-below-stick-meta":"","astra-migrate-meta-layouts":"set","ast-page-background-enabled":"default","ast-page-background-meta":{"desktop":{"background-color":"var(--ast-global-color-4)","background-image":"","background-repeat":"repeat","background-position":"center center","background-size":"auto","background-attachment":"scroll","background-type":"","background-media":"","overlay-type":"","overlay-color":"","overlay-opacity":"","overlay-gradient":""},"tablet":{"background-color":"","background-image":"","background-repeat":"repeat","background-position":"center center","background-size":"auto","background-attachment":"scroll","background-type":"","background-media":"","overlay-type":"","overlay-color":"","overlay-opacity":"","overlay-gradient":""},"mobile":{"background-color":"","background-image":"","background-repeat":"repeat","background-position":"center center","background-size":"auto","background-attachment":"scroll","background-type":"","background-media":"","overlay-type":"","overlay-color":"","overlay-opacity":"","overlay-gradient":""}},"ast-content-background-meta":{"desktop":{"background-color":"var(--ast-global-color-5)","background-image":"","background-repeat":"repeat","background-position":"center center","background-size":"auto","background-attachment":"scroll","background-type":"","background-media":"","overlay-type":"","overlay-color":"","overlay-opacity":"","overlay-gradient":""},"tablet":{"background-color":"var(--ast-global-color-5)","background-image":"","background-repeat":"repeat","background-position":"center center","background-size":"auto","background-attachment":"scroll","background-type":"","background-media":"","overlay-type":"","overlay-color":"","overlay-opacity":"","overlay-gradient":""},"mobile":{"background-color":"var(--ast-global-color-5)","background-image":"","background-repeat":"repeat","background-position":"center center","background-size":"auto","background-attachment":"scroll","background-type":"","background-media":"","overlay-type":"","overlay-color":"","overlay-opacity":"","overlay-gradient":""}},"footnotes":"","_links_to":"","_links_to_target":""},"class_list":["post-80","page","type-page","status-publish","hentry"],"_links":{"self":[{"href":"https:\/\/seico.eu\/de\/wp-json\/wp\/v2\/pages\/80","targetHints":{"allow":["GET"]}}],"collection":[{"href":"https:\/\/seico.eu\/de\/wp-json\/wp\/v2\/pages"}],"about":[{"href":"https:\/\/seico.eu\/de\/wp-json\/wp\/v2\/types\/page"}],"author":[{"embeddable":true,"href":"https:\/\/seico.eu\/de\/wp-json\/wp\/v2\/users\/5"}],"replies":[{"embeddable":true,"href":"https:\/\/seico.eu\/de\/wp-json\/wp\/v2\/comments?post=80"}],"version-history":[{"count":14,"href":"https:\/\/seico.eu\/de\/wp-json\/wp\/v2\/pages\/80\/revisions"}],"predecessor-version":[{"id":1915,"href":"https:\/\/seico.eu\/de\/wp-json\/wp\/v2\/pages\/80\/revisions\/1915"}],"up":[{"embeddable":true,"href":"https:\/\/seico.eu\/de\/wp-json\/wp\/v2\/pages\/62"}],"wp:attachment":[{"href":"https:\/\/seico.eu\/de\/wp-json\/wp\/v2\/media?parent=80"}],"curies":[{"name":"wp","href":"https:\/\/api.w.org\/{rel}","templated":true}]}}