{"id":807,"date":"2021-07-27T07:44:55","date_gmt":"2021-07-27T07:44:55","guid":{"rendered":"http:\/\/seico-heizungen.com\/?page_id=807"},"modified":"2025-08-22T07:45:40","modified_gmt":"2025-08-22T07:45:40","slug":"seal-gas","status":"publish","type":"page","link":"https:\/\/seico.eu\/de\/solutions\/seal-gas\/","title":{"rendered":"Sperrgas"},"content":{"rendered":"<p><img decoding=\"async\" class=\"alignright\" style=\"float: right; width: 300px; height: auto; margin-left: 25px;\" src=\"http:\/\/seico-heizungen.com\/wp-content\/uploads\/2020\/10\/img-application-2.jpg\" alt=\"\" \/><\/p>\n<p style=\"text-align: left;\">Trockengasdichtungen werden in Prozessgas-Kreiselkompressoren eingesetzt. Um zu verhindern, dass das Prozessgas in die Atmosph\u00e4re entweicht, ist eine Wellenabdichtung erforderlich. Trockengasdichtungen k\u00f6nnen verwendet werden, um die erforderliche Wellenabdichtung zu erreichen, und obwohl sie in einer Vielzahl von Konfigurationen erh\u00e4ltlich sind, wird eine Tandemdichtung typischerweise in einem Sperrgas Versorgungssystem verwendet.<\/p>\n<p style=\"text-align: left;\">Tandemdichtungen bestehen aus einer Prim\u00e4rdichtung und einer Sekund\u00e4rdichtung. W\u00e4hrend des normalen Betriebs absorbiert die Prim\u00e4rdichtung den gesamten Druckabfall zu einem Entl\u00fcftungssystem und die Sekund\u00e4rdichtung dient als Reserve, falls die Prim\u00e4rdichtung versagen sollte. Trockendichtungen sind im Grunde Gleitringdichtungen, bestehend aus einem Gegenring (rotieren) und einem prim\u00e4ren (feststehenden) Ring. Im Betrieb erzeugen Nuten im Gegenring eine fluiddynamische Kraft, die dazu f\u00fchrt, dass sich der Prim\u00e4rring vom Gegenring l\u00f6st und ein Laufspalt zwischen den beiden Ringen entsteht. In die Dichtung wird ein Sperrgas eingespritzt, das das Arbeitsmedium f\u00fcr den Laufspalt und die Abdichtung zwischen der Atmosph\u00e4re oder dem Fackelsystem und dem kompressorinternen Prozessgas herstellt.<\/p>\n<p style=\"text-align: left;\">Das Erhitzen des Hochdruck-Dichtungsgases ist erforderlich, um die Entfernung von Feuchtigkeit zu gew\u00e4hrleisten und Kondensation innerhalb der Dichtung zu verhindern. Erhitzer von SEICO-Heizungen werden typischerweise in dieser Hochdruckanwendung eingesetzt.<\/p>","protected":false},"excerpt":{"rendered":"<p>Dry gas seals are used in process gas centrifugal compressors. It is necessary to have shaft sealing to prevent the [&hellip;]<\/p>\n","protected":false},"author":5,"featured_media":0,"parent":38,"menu_order":4,"comment_status":"closed","ping_status":"closed","template":"","meta":{"site-sidebar-layout":"default","site-content-layout":"","ast-site-content-layout":"default","site-content-style":"default","site-sidebar-style":"default","ast-global-header-display":"","ast-banner-title-visibility":"","ast-main-header-display":"","ast-hfb-above-header-display":"","ast-hfb-below-header-display":"","ast-hfb-mobile-header-display":"","site-post-title":"","ast-breadcrumbs-content":"","ast-featured-img":"","footer-sml-layout":"","ast-disable-related-posts":"","theme-transparent-header-meta":"default","adv-header-id-meta":"","stick-header-meta":"default","header-above-stick-meta":"","header-main-stick-meta":"","header-below-stick-meta":"","astra-migrate-meta-layouts":"set","ast-page-background-enabled":"default","ast-page-background-meta":{"desktop":{"background-color":"var(--ast-global-color-4)","background-image":"","background-repeat":"repeat","background-position":"center center","background-size":"auto","background-attachment":"scroll","background-type":"","background-media":"","overlay-type":"","overlay-color":"","overlay-opacity":"","overlay-gradient":""},"tablet":{"background-color":"","background-image":"","background-repeat":"repeat","background-position":"center center","background-size":"auto","background-attachment":"scroll","background-type":"","background-media":"","overlay-type":"","overlay-color":"","overlay-opacity":"","overlay-gradient":""},"mobile":{"background-color":"","background-image":"","background-repeat":"repeat","background-position":"center center","background-size":"auto","background-attachment":"scroll","background-type":"","background-media":"","overlay-type":"","overlay-color":"","overlay-opacity":"","overlay-gradient":""}},"ast-content-background-meta":{"desktop":{"background-color":"var(--ast-global-color-5)","background-image":"","background-repeat":"repeat","background-position":"center center","background-size":"auto","background-attachment":"scroll","background-type":"","background-media":"","overlay-type":"","overlay-color":"","overlay-opacity":"","overlay-gradient":""},"tablet":{"background-color":"var(--ast-global-color-5)","background-image":"","background-repeat":"repeat","background-position":"center center","background-size":"auto","background-attachment":"scroll","background-type":"","background-media":"","overlay-type":"","overlay-color":"","overlay-opacity":"","overlay-gradient":""},"mobile":{"background-color":"var(--ast-global-color-5)","background-image":"","background-repeat":"repeat","background-position":"center center","background-size":"auto","background-attachment":"scroll","background-type":"","background-media":"","overlay-type":"","overlay-color":"","overlay-opacity":"","overlay-gradient":""}},"footnotes":"","_links_to":"","_links_to_target":""},"class_list":["post-807","page","type-page","status-publish","hentry"],"_links":{"self":[{"href":"https:\/\/seico.eu\/de\/wp-json\/wp\/v2\/pages\/807","targetHints":{"allow":["GET"]}}],"collection":[{"href":"https:\/\/seico.eu\/de\/wp-json\/wp\/v2\/pages"}],"about":[{"href":"https:\/\/seico.eu\/de\/wp-json\/wp\/v2\/types\/page"}],"author":[{"embeddable":true,"href":"https:\/\/seico.eu\/de\/wp-json\/wp\/v2\/users\/5"}],"replies":[{"embeddable":true,"href":"https:\/\/seico.eu\/de\/wp-json\/wp\/v2\/comments?post=807"}],"version-history":[{"count":5,"href":"https:\/\/seico.eu\/de\/wp-json\/wp\/v2\/pages\/807\/revisions"}],"predecessor-version":[{"id":2133,"href":"https:\/\/seico.eu\/de\/wp-json\/wp\/v2\/pages\/807\/revisions\/2133"}],"up":[{"embeddable":true,"href":"https:\/\/seico.eu\/de\/wp-json\/wp\/v2\/pages\/38"}],"wp:attachment":[{"href":"https:\/\/seico.eu\/de\/wp-json\/wp\/v2\/media?parent=807"}],"curies":[{"name":"wp","href":"https:\/\/api.w.org\/{rel}","templated":true}]}}