{"id":809,"date":"2021-07-27T07:46:09","date_gmt":"2021-07-27T07:46:09","guid":{"rendered":"http:\/\/seico-heizungen.com\/?page_id=809"},"modified":"2025-08-22T07:59:09","modified_gmt":"2025-08-22T07:59:09","slug":"biogas","status":"publish","type":"page","link":"https:\/\/seico.eu\/de\/solutions\/biogas\/","title":{"rendered":"Biogas"},"content":{"rendered":"<p><img decoding=\"async\" class=\"alignright\" style=\"float: right; width: 300px; height: auto; margin-left: 25px;\" src=\"http:\/\/seico-heizungen.com\/wp-content\/uploads\/2020\/10\/img-application-3.jpg\" alt=\"\" \/><\/p>\n<p style=\"text-align: left;\">Biogas ist das Ergebnis des biologischen Abbaus organischer Stoffe in Abwesenheit von Sauerstoff. Das haupts\u00e4chlich aus Methan und Kohlendioxid bestehende Gas wird durch die anaerobe Verg\u00e4rung von biologisch abbaubaren Materialien hergestellt. Biogas, das aus Deponien und Kl\u00e4ranlagen gewonnen wird, wird entweder zur Stromerzeugung mit gasbetriebenen Motoren verwendet oder aufbereitet, um in nationale Netze eingespeist zu werden.<\/p>\n<p style=\"text-align: left;\">Abgefangenes Biogas im ungereinigten Zustand ist stark mit Siloxanen belastet. Diese Siloxane wandeln sich bei der Verbrennung in Siliziumdioxid um. Die Siliziumdioxide verbinden sich mit anderen Elementen im Gas und Schmier\u00f6len zu einer harten Verbindung, die sich an den Verbrennungsoberfl\u00e4chen ansammelt. Als Ergebnis wird die Motoreffizienz beeintr\u00e4chtigt und unverbrannter Kraftstoff verunreinigt die Abgase und erh\u00f6ht die Emissionen.<\/p>\n<p style=\"text-align: left;\">Dies verursacht auch schwere Sch\u00e4den an Ventilen, Kolben, Kolbenringen, Laufbuchsen, Zylinderk\u00f6pfen, Z\u00fcndkerzen und Turboladern von Gasmotoren.<\/p>\n<p style=\"text-align: left;\">Die L\u00f6sung besteht darin, ein Siloxanentfernungssystem zu verwenden; Ein integraler Bestandteil des Prozesses ist eine elektrische Prozessheizung, um eine saubere, effiziente und kontrollierbare L\u00f6sung f\u00fcr die Siloxanentfernung bereitzustellen.<\/p>","protected":false},"excerpt":{"rendered":"<p>Biogas is the result of biological breakdown of organic matter in the absence of oxygen. Comprising mainly of methane and [&hellip;]<\/p>\n","protected":false},"author":5,"featured_media":0,"parent":38,"menu_order":5,"comment_status":"closed","ping_status":"closed","template":"","meta":{"site-sidebar-layout":"default","site-content-layout":"","ast-site-content-layout":"default","site-content-style":"default","site-sidebar-style":"default","ast-global-header-display":"","ast-banner-title-visibility":"","ast-main-header-display":"","ast-hfb-above-header-display":"","ast-hfb-below-header-display":"","ast-hfb-mobile-header-display":"","site-post-title":"","ast-breadcrumbs-content":"","ast-featured-img":"","footer-sml-layout":"","ast-disable-related-posts":"","theme-transparent-header-meta":"default","adv-header-id-meta":"","stick-header-meta":"default","header-above-stick-meta":"","header-main-stick-meta":"","header-below-stick-meta":"","astra-migrate-meta-layouts":"set","ast-page-background-enabled":"default","ast-page-background-meta":{"desktop":{"background-color":"var(--ast-global-color-4)","background-image":"","background-repeat":"repeat","background-position":"center center","background-size":"auto","background-attachment":"scroll","background-type":"","background-media":"","overlay-type":"","overlay-color":"","overlay-opacity":"","overlay-gradient":""},"tablet":{"background-color":"","background-image":"","background-repeat":"repeat","background-position":"center center","background-size":"auto","background-attachment":"scroll","background-type":"","background-media":"","overlay-type":"","overlay-color":"","overlay-opacity":"","overlay-gradient":""},"mobile":{"background-color":"","background-image":"","background-repeat":"repeat","background-position":"center center","background-size":"auto","background-attachment":"scroll","background-type":"","background-media":"","overlay-type":"","overlay-color":"","overlay-opacity":"","overlay-gradient":""}},"ast-content-background-meta":{"desktop":{"background-color":"var(--ast-global-color-5)","background-image":"","background-repeat":"repeat","background-position":"center center","background-size":"auto","background-attachment":"scroll","background-type":"","background-media":"","overlay-type":"","overlay-color":"","overlay-opacity":"","overlay-gradient":""},"tablet":{"background-color":"var(--ast-global-color-5)","background-image":"","background-repeat":"repeat","background-position":"center center","background-size":"auto","background-attachment":"scroll","background-type":"","background-media":"","overlay-type":"","overlay-color":"","overlay-opacity":"","overlay-gradient":""},"mobile":{"background-color":"var(--ast-global-color-5)","background-image":"","background-repeat":"repeat","background-position":"center center","background-size":"auto","background-attachment":"scroll","background-type":"","background-media":"","overlay-type":"","overlay-color":"","overlay-opacity":"","overlay-gradient":""}},"footnotes":"","_links_to":"","_links_to_target":""},"class_list":["post-809","page","type-page","status-publish","hentry"],"_links":{"self":[{"href":"https:\/\/seico.eu\/de\/wp-json\/wp\/v2\/pages\/809","targetHints":{"allow":["GET"]}}],"collection":[{"href":"https:\/\/seico.eu\/de\/wp-json\/wp\/v2\/pages"}],"about":[{"href":"https:\/\/seico.eu\/de\/wp-json\/wp\/v2\/types\/page"}],"author":[{"embeddable":true,"href":"https:\/\/seico.eu\/de\/wp-json\/wp\/v2\/users\/5"}],"replies":[{"embeddable":true,"href":"https:\/\/seico.eu\/de\/wp-json\/wp\/v2\/comments?post=809"}],"version-history":[{"count":4,"href":"https:\/\/seico.eu\/de\/wp-json\/wp\/v2\/pages\/809\/revisions"}],"predecessor-version":[{"id":2141,"href":"https:\/\/seico.eu\/de\/wp-json\/wp\/v2\/pages\/809\/revisions\/2141"}],"up":[{"embeddable":true,"href":"https:\/\/seico.eu\/de\/wp-json\/wp\/v2\/pages\/38"}],"wp:attachment":[{"href":"https:\/\/seico.eu\/de\/wp-json\/wp\/v2\/media?parent=809"}],"curies":[{"name":"wp","href":"https:\/\/api.w.org\/{rel}","templated":true}]}}