{"id":811,"date":"2021-07-27T08:01:17","date_gmt":"2021-07-27T08:01:17","guid":{"rendered":"http:\/\/seico-heizungen.com\/?page_id=811"},"modified":"2025-08-22T07:46:09","modified_gmt":"2025-08-22T07:46:09","slug":"heating-mediums","status":"publish","type":"page","link":"https:\/\/seico.eu\/de\/solutions\/heating-mediums\/","title":{"rendered":"Zentrale Energieversorgungen"},"content":{"rendered":"<p><img decoding=\"async\" class=\"alignright\" style=\"float: right; width: 300px; height: auto; margin-left: 25px;\" src=\"http:\/\/seico-heizungen.com\/wp-content\/uploads\/2021\/08\/img-application-gallery-heatingmedium.jpg\" alt=\"\" \/><\/p>\n<p style=\"text-align: left;\">Ein Heizmedium ist jeder Feststoff oder jede Fl\u00fcssigkeit (wie Wasser, Dampf, Luft oder Rauchgas), die verwendet wird, um W\u00e4rme von einer W\u00e4rmequelle (wie einem elektrischen Erhitzer) zu einem zu beheizenden Prozess oder Raum zu transportieren. Elektrow\u00e4rme wird h\u00e4ufig als tempor\u00e4re oder dauerhafte L\u00f6sung zur Erw\u00e4rmung des Mediums verwendet, das dann in verschiedenen Arten von W\u00e4rmetauschern in der gesamten Anlage verwendet wird.<\/p>\n<p style=\"text-align: left;\">Wenn Elektrow\u00e4rme dauerhaft zur Erw\u00e4rmung des Mediums genutzt wird, das wiederum in einem Prozess verwendet wird, fragen wir unsere Kunden: \u201eK\u00f6nnten Sie Elektroheizungen direkt im Prozess einsetzen?\u201c Die positive Antwort reduziert in der Regel die Gesamtkosten des Prozessdesigns. Aber auch als zentrale Erhitzer f\u00fcr die Versorgung ganzer Werke werden zunehmend Elektrische Zentralerhitzer an Stelle von befeuerten Anlagen eingesetzt. Der Vorteil f\u00fcr den Betreiber liegt auf der Hand, da der Aufwand des Emmissionshandels bei der Verwendung von elektrischen Erhitzern entf\u00e4llt.<\/p>","protected":false},"excerpt":{"rendered":"<p>A heating medium is any solid or fluid (such as water, steam, air, or flue gas) which is used to [&hellip;]<\/p>\n","protected":false},"author":5,"featured_media":0,"parent":38,"menu_order":6,"comment_status":"closed","ping_status":"closed","template":"","meta":{"site-sidebar-layout":"default","site-content-layout":"","ast-site-content-layout":"default","site-content-style":"default","site-sidebar-style":"default","ast-global-header-display":"","ast-banner-title-visibility":"","ast-main-header-display":"","ast-hfb-above-header-display":"","ast-hfb-below-header-display":"","ast-hfb-mobile-header-display":"","site-post-title":"","ast-breadcrumbs-content":"","ast-featured-img":"","footer-sml-layout":"","ast-disable-related-posts":"","theme-transparent-header-meta":"default","adv-header-id-meta":"","stick-header-meta":"default","header-above-stick-meta":"","header-main-stick-meta":"","header-below-stick-meta":"","astra-migrate-meta-layouts":"set","ast-page-background-enabled":"default","ast-page-background-meta":{"desktop":{"background-color":"var(--ast-global-color-4)","background-image":"","background-repeat":"repeat","background-position":"center center","background-size":"auto","background-attachment":"scroll","background-type":"","background-media":"","overlay-type":"","overlay-color":"","overlay-opacity":"","overlay-gradient":""},"tablet":{"background-color":"","background-image":"","background-repeat":"repeat","background-position":"center center","background-size":"auto","background-attachment":"scroll","background-type":"","background-media":"","overlay-type":"","overlay-color":"","overlay-opacity":"","overlay-gradient":""},"mobile":{"background-color":"","background-image":"","background-repeat":"repeat","background-position":"center center","background-size":"auto","background-attachment":"scroll","background-type":"","background-media":"","overlay-type":"","overlay-color":"","overlay-opacity":"","overlay-gradient":""}},"ast-content-background-meta":{"desktop":{"background-color":"var(--ast-global-color-5)","background-image":"","background-repeat":"repeat","background-position":"center center","background-size":"auto","background-attachment":"scroll","background-type":"","background-media":"","overlay-type":"","overlay-color":"","overlay-opacity":"","overlay-gradient":""},"tablet":{"background-color":"var(--ast-global-color-5)","background-image":"","background-repeat":"repeat","background-position":"center center","background-size":"auto","background-attachment":"scroll","background-type":"","background-media":"","overlay-type":"","overlay-color":"","overlay-opacity":"","overlay-gradient":""},"mobile":{"background-color":"var(--ast-global-color-5)","background-image":"","background-repeat":"repeat","background-position":"center center","background-size":"auto","background-attachment":"scroll","background-type":"","background-media":"","overlay-type":"","overlay-color":"","overlay-opacity":"","overlay-gradient":""}},"footnotes":"","_links_to":"","_links_to_target":""},"class_list":["post-811","page","type-page","status-publish","hentry"],"_links":{"self":[{"href":"https:\/\/seico.eu\/de\/wp-json\/wp\/v2\/pages\/811","targetHints":{"allow":["GET"]}}],"collection":[{"href":"https:\/\/seico.eu\/de\/wp-json\/wp\/v2\/pages"}],"about":[{"href":"https:\/\/seico.eu\/de\/wp-json\/wp\/v2\/types\/page"}],"author":[{"embeddable":true,"href":"https:\/\/seico.eu\/de\/wp-json\/wp\/v2\/users\/5"}],"replies":[{"embeddable":true,"href":"https:\/\/seico.eu\/de\/wp-json\/wp\/v2\/comments?post=811"}],"version-history":[{"count":6,"href":"https:\/\/seico.eu\/de\/wp-json\/wp\/v2\/pages\/811\/revisions"}],"predecessor-version":[{"id":2134,"href":"https:\/\/seico.eu\/de\/wp-json\/wp\/v2\/pages\/811\/revisions\/2134"}],"up":[{"embeddable":true,"href":"https:\/\/seico.eu\/de\/wp-json\/wp\/v2\/pages\/38"}],"wp:attachment":[{"href":"https:\/\/seico.eu\/de\/wp-json\/wp\/v2\/media?parent=811"}],"curies":[{"name":"wp","href":"https:\/\/api.w.org\/{rel}","templated":true}]}}