{"id":813,"date":"2021-07-27T08:02:12","date_gmt":"2021-07-27T08:02:12","guid":{"rendered":"http:\/\/seico-heizungen.com\/?page_id=813"},"modified":"2025-08-22T07:46:37","modified_gmt":"2025-08-22T07:46:37","slug":"crude-oil","status":"publish","type":"page","link":"https:\/\/seico.eu\/de\/solutions\/crude-oil\/","title":{"rendered":"Roh\u00f6l"},"content":{"rendered":"<p><img decoding=\"async\" class=\"alignright\" style=\"float: right; width: 300px; height: auto; margin-left: 25px;\" src=\"http:\/\/seico-heizungen.com\/wp-content\/uploads\/2020\/10\/img-application-5.jpg\" alt=\"\" \/><\/p>\n<p style=\"text-align: left;\">Schweres Roh\u00f6l oder extra schweres Roh\u00f6l ist jede Art von Roh\u00f6l, die nicht leicht flie\u00dff\u00e4hig ist. Schweres Roh\u00f6l wurde als fl\u00fcssiges Erd\u00f6l mit einem API-Gewicht von weniger als 20\u00b0 definiert, was bedeutet, dass sein spezifisches Gewicht gr\u00f6\u00dfer als 0,933 (g\/ml) ist.<\/p>\n<p style=\"text-align: left;\">Produktion, Transport und Raffination von schwerem Roh\u00f6l stellen im Vergleich zu leichtem Roh\u00f6l besondere Herausforderungen.<\/p>\n<p style=\"text-align: left;\">Zu den physikalischen Eigenschaften, die schwere Roh\u00f6le von leichteren unterscheiden, geh\u00f6ren eine h\u00f6here Viskosit\u00e4t und ein spezifisches Gewicht sowie eine schwerere molekulare Zusammensetzung. Im Allgemeinen wird in einer Pipeline, die schweres Roh\u00f6l f\u00fchrt, in regelm\u00e4\u00dfigen Abst\u00e4nden ein Verd\u00fcnnungsmittel zugegeben, um dessen Fluss zu erleichtern. Die Elektroheizungen von SEICO k\u00f6nnen verwendet werden, um die Viskosit\u00e4t zu reduzieren und den Durchfluss von Schwer\u00f6len in einer Rohrleitung oder innerhalb eines Lagertanks zu verbessern.<\/p>","protected":false},"excerpt":{"rendered":"<p>Heavy crude oil or extra heavy crude oil is any type of crude oil which does not flow easily. Heavy [&hellip;]<\/p>\n","protected":false},"author":5,"featured_media":0,"parent":38,"menu_order":7,"comment_status":"closed","ping_status":"closed","template":"","meta":{"site-sidebar-layout":"default","site-content-layout":"","ast-site-content-layout":"default","site-content-style":"default","site-sidebar-style":"default","ast-global-header-display":"","ast-banner-title-visibility":"","ast-main-header-display":"","ast-hfb-above-header-display":"","ast-hfb-below-header-display":"","ast-hfb-mobile-header-display":"","site-post-title":"","ast-breadcrumbs-content":"","ast-featured-img":"","footer-sml-layout":"","ast-disable-related-posts":"","theme-transparent-header-meta":"default","adv-header-id-meta":"","stick-header-meta":"default","header-above-stick-meta":"","header-main-stick-meta":"","header-below-stick-meta":"","astra-migrate-meta-layouts":"set","ast-page-background-enabled":"default","ast-page-background-meta":{"desktop":{"background-color":"var(--ast-global-color-4)","background-image":"","background-repeat":"repeat","background-position":"center center","background-size":"auto","background-attachment":"scroll","background-type":"","background-media":"","overlay-type":"","overlay-color":"","overlay-opacity":"","overlay-gradient":""},"tablet":{"background-color":"","background-image":"","background-repeat":"repeat","background-position":"center center","background-size":"auto","background-attachment":"scroll","background-type":"","background-media":"","overlay-type":"","overlay-color":"","overlay-opacity":"","overlay-gradient":""},"mobile":{"background-color":"","background-image":"","background-repeat":"repeat","background-position":"center center","background-size":"auto","background-attachment":"scroll","background-type":"","background-media":"","overlay-type":"","overlay-color":"","overlay-opacity":"","overlay-gradient":""}},"ast-content-background-meta":{"desktop":{"background-color":"var(--ast-global-color-5)","background-image":"","background-repeat":"repeat","background-position":"center center","background-size":"auto","background-attachment":"scroll","background-type":"","background-media":"","overlay-type":"","overlay-color":"","overlay-opacity":"","overlay-gradient":""},"tablet":{"background-color":"var(--ast-global-color-5)","background-image":"","background-repeat":"repeat","background-position":"center center","background-size":"auto","background-attachment":"scroll","background-type":"","background-media":"","overlay-type":"","overlay-color":"","overlay-opacity":"","overlay-gradient":""},"mobile":{"background-color":"var(--ast-global-color-5)","background-image":"","background-repeat":"repeat","background-position":"center center","background-size":"auto","background-attachment":"scroll","background-type":"","background-media":"","overlay-type":"","overlay-color":"","overlay-opacity":"","overlay-gradient":""}},"footnotes":"","_links_to":"","_links_to_target":""},"class_list":["post-813","page","type-page","status-publish","hentry"],"_links":{"self":[{"href":"https:\/\/seico.eu\/de\/wp-json\/wp\/v2\/pages\/813","targetHints":{"allow":["GET"]}}],"collection":[{"href":"https:\/\/seico.eu\/de\/wp-json\/wp\/v2\/pages"}],"about":[{"href":"https:\/\/seico.eu\/de\/wp-json\/wp\/v2\/types\/page"}],"author":[{"embeddable":true,"href":"https:\/\/seico.eu\/de\/wp-json\/wp\/v2\/users\/5"}],"replies":[{"embeddable":true,"href":"https:\/\/seico.eu\/de\/wp-json\/wp\/v2\/comments?post=813"}],"version-history":[{"count":6,"href":"https:\/\/seico.eu\/de\/wp-json\/wp\/v2\/pages\/813\/revisions"}],"predecessor-version":[{"id":2136,"href":"https:\/\/seico.eu\/de\/wp-json\/wp\/v2\/pages\/813\/revisions\/2136"}],"up":[{"embeddable":true,"href":"https:\/\/seico.eu\/de\/wp-json\/wp\/v2\/pages\/38"}],"wp:attachment":[{"href":"https:\/\/seico.eu\/de\/wp-json\/wp\/v2\/media?parent=813"}],"curies":[{"name":"wp","href":"https:\/\/api.w.org\/{rel}","templated":true}]}}