{"id":815,"date":"2021-07-27T08:02:53","date_gmt":"2021-07-27T08:02:53","guid":{"rendered":"http:\/\/seico-heizungen.com\/?page_id=815"},"modified":"2025-08-22T07:47:01","modified_gmt":"2025-08-22T07:47:01","slug":"fpsos","status":"publish","type":"page","link":"https:\/\/seico.eu\/de\/solutions\/fpsos\/","title":{"rendered":"FPSO-Schiffe"},"content":{"rendered":"<p><img decoding=\"async\" class=\"alignright\" style=\"float: right; width: 300px; height: auto; margin-left: 25px;\" src=\"http:\/\/seico-heizungen.com\/wp-content\/uploads\/2020\/10\/img-application-6.jpg\" alt=\"\" \/><\/p>\n<p style=\"text-align: left;\">Das Floating Production Storage and Offloading (FPSO)-System ist eine schwimmende Einrichtung (manchmal aus einem modifizierten \u00d6ltankschiff gebaut), die f\u00fcr die Offshore-Kohlenwasserstoffverarbeitung und -lagerung verwendet wird. FPSOs sind als mobile Kohlenwasserstoffverarbeitungsanlagen konzipiert und k\u00f6nnen Kohlenwasserstoffe aufnehmen, verarbeiten und lagern, bis sie per Tanker abgeladen oder durch eine Pipeline zu Anlagen an Land transportiert werden k\u00f6nnen. Diese schwimmenden Anlagen erm\u00f6glichen es Unternehmen, \u00d6l in abgelegenen Regionen zu f\u00f6rdern, da sie einfach zu installieren sind und im Vergleich zu festen Plattformen keine schwere Pipeline-Infrastruktur f\u00fcr den \u00d6lexport ben\u00f6tigen.<\/p>\n<p style=\"text-align: left;\">Als Offshore-Plattform sind Feuer und Explosionen an Bord zwei der gr\u00f6\u00dften Gefahren, denen FPSOs ausgesetzt sein k\u00f6nnen. Eine Kombination aus engen Grenzen und brennbaren Gasen in unmittelbarer N\u00e4he der Wohnr\u00e4ume des Offshore-Personals erfordert, dass Installationen und Einrichtungen an Bord von FPSOs robust gebaut werden m\u00fcssen, um flammen- und explosionssicher zu sein.<\/p>\n<p style=\"text-align: left;\">SEICO verf\u00fcgt \u00fcber umfassende Kenntnisse und Erfahrungen in der Entwicklung und Herstellung von Elektroheizungen, die f\u00fcr explosionsgef\u00e4hrdete Bereiche und raue Offshore-Standorte geeignet sind.<\/p>","protected":false},"excerpt":{"rendered":"<p>The floating production storage and offloading (FPSO) system is a floating facility (sometimes built from a modified oil tanker vessel) [&hellip;]<\/p>\n","protected":false},"author":5,"featured_media":0,"parent":38,"menu_order":9,"comment_status":"closed","ping_status":"closed","template":"","meta":{"site-sidebar-layout":"default","site-content-layout":"","ast-site-content-layout":"default","site-content-style":"default","site-sidebar-style":"default","ast-global-header-display":"","ast-banner-title-visibility":"","ast-main-header-display":"","ast-hfb-above-header-display":"","ast-hfb-below-header-display":"","ast-hfb-mobile-header-display":"","site-post-title":"","ast-breadcrumbs-content":"","ast-featured-img":"","footer-sml-layout":"","ast-disable-related-posts":"","theme-transparent-header-meta":"default","adv-header-id-meta":"","stick-header-meta":"default","header-above-stick-meta":"","header-main-stick-meta":"","header-below-stick-meta":"","astra-migrate-meta-layouts":"set","ast-page-background-enabled":"default","ast-page-background-meta":{"desktop":{"background-color":"var(--ast-global-color-4)","background-image":"","background-repeat":"repeat","background-position":"center center","background-size":"auto","background-attachment":"scroll","background-type":"","background-media":"","overlay-type":"","overlay-color":"","overlay-opacity":"","overlay-gradient":""},"tablet":{"background-color":"","background-image":"","background-repeat":"repeat","background-position":"center center","background-size":"auto","background-attachment":"scroll","background-type":"","background-media":"","overlay-type":"","overlay-color":"","overlay-opacity":"","overlay-gradient":""},"mobile":{"background-color":"","background-image":"","background-repeat":"repeat","background-position":"center center","background-size":"auto","background-attachment":"scroll","background-type":"","background-media":"","overlay-type":"","overlay-color":"","overlay-opacity":"","overlay-gradient":""}},"ast-content-background-meta":{"desktop":{"background-color":"var(--ast-global-color-5)","background-image":"","background-repeat":"repeat","background-position":"center center","background-size":"auto","background-attachment":"scroll","background-type":"","background-media":"","overlay-type":"","overlay-color":"","overlay-opacity":"","overlay-gradient":""},"tablet":{"background-color":"var(--ast-global-color-5)","background-image":"","background-repeat":"repeat","background-position":"center center","background-size":"auto","background-attachment":"scroll","background-type":"","background-media":"","overlay-type":"","overlay-color":"","overlay-opacity":"","overlay-gradient":""},"mobile":{"background-color":"var(--ast-global-color-5)","background-image":"","background-repeat":"repeat","background-position":"center center","background-size":"auto","background-attachment":"scroll","background-type":"","background-media":"","overlay-type":"","overlay-color":"","overlay-opacity":"","overlay-gradient":""}},"footnotes":"","_links_to":"","_links_to_target":""},"class_list":["post-815","page","type-page","status-publish","hentry"],"_links":{"self":[{"href":"https:\/\/seico.eu\/de\/wp-json\/wp\/v2\/pages\/815","targetHints":{"allow":["GET"]}}],"collection":[{"href":"https:\/\/seico.eu\/de\/wp-json\/wp\/v2\/pages"}],"about":[{"href":"https:\/\/seico.eu\/de\/wp-json\/wp\/v2\/types\/page"}],"author":[{"embeddable":true,"href":"https:\/\/seico.eu\/de\/wp-json\/wp\/v2\/users\/5"}],"replies":[{"embeddable":true,"href":"https:\/\/seico.eu\/de\/wp-json\/wp\/v2\/comments?post=815"}],"version-history":[{"count":3,"href":"https:\/\/seico.eu\/de\/wp-json\/wp\/v2\/pages\/815\/revisions"}],"predecessor-version":[{"id":2137,"href":"https:\/\/seico.eu\/de\/wp-json\/wp\/v2\/pages\/815\/revisions\/2137"}],"up":[{"embeddable":true,"href":"https:\/\/seico.eu\/de\/wp-json\/wp\/v2\/pages\/38"}],"wp:attachment":[{"href":"https:\/\/seico.eu\/de\/wp-json\/wp\/v2\/media?parent=815"}],"curies":[{"name":"wp","href":"https:\/\/api.w.org\/{rel}","templated":true}]}}